{"id":76,"date":"2021-04-30T15:15:47","date_gmt":"2021-04-30T15:15:47","guid":{"rendered":"https:\/\/klimatoolbox.dolab.at\/?page_id=76"},"modified":"2021-08-10T09:26:52","modified_gmt":"2021-08-10T09:26:52","slug":"the-toolbox","status":"publish","type":"page","link":"https:\/\/klimatoolbox.dolab.at\/?page_id=76","title":{"rendered":"THE TOOLBOX"},"content":{"rendered":"\n<figure class=\"wp-block-image size-large\"><img loading=\"lazy\" width=\"768\" height=\"1024\" src=\"https:\/\/klimatoolbox.dolab.at\/wp-content\/uploads\/2021\/08\/IMG_8495-2-768x1024.jpg\" alt=\"\" class=\"wp-image-118\" srcset=\"https:\/\/klimatoolbox.dolab.at\/wp-content\/uploads\/2021\/08\/IMG_8495-2-768x1024.jpg 768w, https:\/\/klimatoolbox.dolab.at\/wp-content\/uploads\/2021\/08\/IMG_8495-2-225x300.jpg 225w, https:\/\/klimatoolbox.dolab.at\/wp-content\/uploads\/2021\/08\/IMG_8495-2-1152x1536.jpg 1152w, https:\/\/klimatoolbox.dolab.at\/wp-content\/uploads\/2021\/08\/IMG_8495-2-1536x2048.jpg 1536w, https:\/\/klimatoolbox.dolab.at\/wp-content\/uploads\/2021\/08\/IMG_8495-2-1568x2091.jpg 1568w, https:\/\/klimatoolbox.dolab.at\/wp-content\/uploads\/2021\/08\/IMG_8495-2-scaled.jpg 1920w\" sizes=\"(max-width: 768px) 100vw, 768px\" \/><\/figure>\n\n\n\n<p>THE TOOLBOX ist eine elektronische Entwicklungsumgebung(IDE, von\u00a0englisch\u00a0integrated development environment) ist eine Sammlung von\u00a0Computerprogrammen, mit denen die Aufgaben der\u00a0Softwareentwicklung\u00a0m\u00f6glichst ohne\u00a0Medienbr\u00fcche\u00a0bearbeitet werden k\u00f6nnen) die wir aus praktikablen Gr\u00fcnden in eine Box gepackt haben. Das ganze wurde eine eine klassisch angehauchte Werkzeugkiste integriert um den Umgang damit zu vereinfachen und vielerorts anwendbar zu machen. Somit\u00a0kann man Regenwasser vor der Haust\u00fcre oder aber auch oben am Gipfel gesammelt werden. Auf der einen Seite gibt es einfache praktische Werkzeuge-Schraubenzieher, Zangen, Stanley Messer usw. Sie bietet aber auch gleichzeitig eine elektronische Wetterstation auf Basis von verschiedenen Micro Kontrollern wie zum Beispiel Arduino und\u00a0Rasberry Pie. Die TOOLBOX\u00a0beinhaltet Werkzeuge zur Klima Analyse sowie ein Windmesser, Niederschlagsmesser sowie unterschiedliche Sensoren zur Analyse. Mit dem Rasberry Pie hat man auch die M\u00f6glichkeit weitere Applikationen zu basteln. Man kann damit auch einen Wetterballon steuern\u00a0oder was einem sonnst noch so einf\u00e4llt um das Klima zu beobachten. Die\u00a0\u00a0TOOLBOX\u00a0bietet die n\u00f6tigen Tools um neue Sensoren und Messgegst\u00e4de zu bauen, damit haben wir eine breite Enticklunsoberfl\u00e4che entwickelt, die mann durch Ihre handliche Verpackung- eine Werkzeugkiste auch mit auf die Expedition nehmen kann. \u00a0Es ist sozusagen ein Klima Experimentierkasten, den man auch je nach Klimazone erweitern kann somit gibt es keine Grenzen wie und wo man die TOOLBOX\u00a0anwendet.Wir haben im Rahmen eines Workshops an der Vogelsangschule Saalfelden zum Thema digitale Wetterstation die TOOLBOX mit den Sch\u00fclern der Sekundaria(12-15 Jahren) ausprobiert und getestet.\u00a0Wir wollten bei diesem Projekt bei den Sch\u00fclern Anhand eigener Erfahrungswerte ein Bewusstsein erschaffen das sich etwas in unserem Verhalten \u00e4ndern muss. Dazu m\u00f6chten wir mittels der Verwendung der TOOLBOX\u00a0dieses Thema begreifbar und verst\u00e4ndlicher machen. Mit den gesammelten Daten(1. Luft Temperatur 2. Regen 3. Luftfeuchtigkeit 4. Bodenfeuchte 5. Boden Temperatur 6. Sonnenstunden 7. den barometrischen Luftdruck) Die Sch\u00fclerinnen und Sch\u00fcler haben anhand eigener\u00a0Beobachtung viele der Prozesse des Wetters verstanden und diverse Thematiken besser nachvollziehen k\u00f6nnen. Es wurde ihnen bewusst warum das Thema der Klima Erw\u00e4rmung nicht ignoriert werden\u00a0sollte.\u00a0sehen die Sch\u00fcler selbst wie das Klima sich entwickelt, wir denken es ist wichtig das die Erfahrungswerte\u00a0auf faktenbasierter Analysen basieren und in seinen Grundz\u00fcgen nicht auf Glaubens\u00e4tzen oder Meinungen. Wir m\u00f6chten mit der TOOLBOX darauf hinweisen das was jeder Einzelne tut\u00a0relevant ist und wir Emissionen t\u00e4glich vermeiden k\u00f6nnen.<\/p>\n\n\n\n<p><a href=\"http:\/\/www.vogelsangschule.at\" data-type=\"URL\" data-id=\"http:\/\/www.vogelsangschule.at\">www.vogelsangschule.at<\/a><\/p>\n\n\n\n<figure class=\"wp-block-image size-large\"><img loading=\"lazy\" width=\"768\" height=\"1024\" src=\"https:\/\/klimatoolbox.dolab.at\/wp-content\/uploads\/2021\/08\/IMG_8487-768x1024.jpg\" alt=\"\" class=\"wp-image-119\" srcset=\"https:\/\/klimatoolbox.dolab.at\/wp-content\/uploads\/2021\/08\/IMG_8487-768x1024.jpg 768w, https:\/\/klimatoolbox.dolab.at\/wp-content\/uploads\/2021\/08\/IMG_8487-225x300.jpg 225w, https:\/\/klimatoolbox.dolab.at\/wp-content\/uploads\/2021\/08\/IMG_8487-1152x1536.jpg 1152w, https:\/\/klimatoolbox.dolab.at\/wp-content\/uploads\/2021\/08\/IMG_8487-1536x2048.jpg 1536w, https:\/\/klimatoolbox.dolab.at\/wp-content\/uploads\/2021\/08\/IMG_8487-1568x2091.jpg 1568w, https:\/\/klimatoolbox.dolab.at\/wp-content\/uploads\/2021\/08\/IMG_8487-scaled.jpg 1920w\" sizes=\"(max-width: 768px) 100vw, 768px\" \/><\/figure>\n\n\n\n<figure class=\"wp-block-image size-large\"><img loading=\"lazy\" width=\"768\" height=\"1024\" src=\"https:\/\/klimatoolbox.dolab.at\/wp-content\/uploads\/2021\/08\/IMG_8489-768x1024.jpg\" alt=\"\" class=\"wp-image-120\" srcset=\"https:\/\/klimatoolbox.dolab.at\/wp-content\/uploads\/2021\/08\/IMG_8489-768x1024.jpg 768w, https:\/\/klimatoolbox.dolab.at\/wp-content\/uploads\/2021\/08\/IMG_8489-225x300.jpg 225w, https:\/\/klimatoolbox.dolab.at\/wp-content\/uploads\/2021\/08\/IMG_8489-1152x1536.jpg 1152w, https:\/\/klimatoolbox.dolab.at\/wp-content\/uploads\/2021\/08\/IMG_8489-1536x2048.jpg 1536w, https:\/\/klimatoolbox.dolab.at\/wp-content\/uploads\/2021\/08\/IMG_8489-1568x2091.jpg 1568w, https:\/\/klimatoolbox.dolab.at\/wp-content\/uploads\/2021\/08\/IMG_8489-scaled.jpg 1920w\" sizes=\"(max-width: 768px) 100vw, 768px\" \/><\/figure>\n","protected":false},"excerpt":{"rendered":"<p>THE TOOLBOX ist eine elektronische Entwicklungsumgebung(IDE, von\u00a0englisch\u00a0integrated development environment) ist eine Sammlung von\u00a0Computerprogrammen, mit denen die Aufgaben der\u00a0Softwareentwicklung\u00a0m\u00f6glichst ohne\u00a0Medienbr\u00fcche\u00a0bearbeitet werden k\u00f6nnen) die wir aus praktikablen Gr\u00fcnden in eine Box gepackt haben. Das ganze wurde eine eine klassisch angehauchte Werkzeugkiste integriert um den Umgang damit zu vereinfachen und vielerorts anwendbar zu machen. Somit\u00a0kann man Regenwasser vor&hellip; <a class=\"more-link\" href=\"https:\/\/klimatoolbox.dolab.at\/?page_id=76\"><span class=\"screen-reader-text\">THE TOOLBOX<\/span> weiterlesen<\/a><\/p>\n","protected":false},"author":2,"featured_media":0,"parent":0,"menu_order":0,"comment_status":"closed","ping_status":"closed","template":"","meta":[],"_links":{"self":[{"href":"https:\/\/klimatoolbox.dolab.at\/index.php?rest_route=\/wp\/v2\/pages\/76"}],"collection":[{"href":"https:\/\/klimatoolbox.dolab.at\/index.php?rest_route=\/wp\/v2\/pages"}],"about":[{"href":"https:\/\/klimatoolbox.dolab.at\/index.php?rest_route=\/wp\/v2\/types\/page"}],"author":[{"embeddable":true,"href":"https:\/\/klimatoolbox.dolab.at\/index.php?rest_route=\/wp\/v2\/users\/2"}],"replies":[{"embeddable":true,"href":"https:\/\/klimatoolbox.dolab.at\/index.php?rest_route=%2Fwp%2Fv2%2Fcomments&post=76"}],"version-history":[{"count":12,"href":"https:\/\/klimatoolbox.dolab.at\/index.php?rest_route=\/wp\/v2\/pages\/76\/revisions"}],"predecessor-version":[{"id":122,"href":"https:\/\/klimatoolbox.dolab.at\/index.php?rest_route=\/wp\/v2\/pages\/76\/revisions\/122"}],"wp:attachment":[{"href":"https:\/\/klimatoolbox.dolab.at\/index.php?rest_route=%2Fwp%2Fv2%2Fmedia&parent=76"}],"curies":[{"name":"wp","href":"https:\/\/api.w.org\/{rel}","templated":true}]}}