{"id":73,"date":"2021-04-30T15:13:26","date_gmt":"2021-04-30T15:13:26","guid":{"rendered":"https:\/\/klimatoolbox.dolab.at\/?page_id=73"},"modified":"2021-08-10T09:28:26","modified_gmt":"2021-08-10T09:28:26","slug":"unseeable-co2","status":"publish","type":"page","link":"https:\/\/klimatoolbox.dolab.at\/?page_id=73","title":{"rendered":"UNSEEABLE CO2"},"content":{"rendered":"\n<figure class=\"wp-block-image size-large\"><img loading=\"lazy\" width=\"683\" height=\"1024\" src=\"https:\/\/klimatoolbox.dolab.at\/wp-content\/uploads\/2021\/08\/DSCF3782-683x1024.jpg\" alt=\"\" class=\"wp-image-123\" srcset=\"https:\/\/klimatoolbox.dolab.at\/wp-content\/uploads\/2021\/08\/DSCF3782-683x1024.jpg 683w, https:\/\/klimatoolbox.dolab.at\/wp-content\/uploads\/2021\/08\/DSCF3782-200x300.jpg 200w, https:\/\/klimatoolbox.dolab.at\/wp-content\/uploads\/2021\/08\/DSCF3782-768x1152.jpg 768w, https:\/\/klimatoolbox.dolab.at\/wp-content\/uploads\/2021\/08\/DSCF3782-1024x1536.jpg 1024w, https:\/\/klimatoolbox.dolab.at\/wp-content\/uploads\/2021\/08\/DSCF3782-1365x2048.jpg 1365w, https:\/\/klimatoolbox.dolab.at\/wp-content\/uploads\/2021\/08\/DSCF3782-1568x2352.jpg 1568w, https:\/\/klimatoolbox.dolab.at\/wp-content\/uploads\/2021\/08\/DSCF3782-scaled.jpg 1707w\" sizes=\"(max-width: 683px) 100vw, 683px\" \/><\/figure>\n\n\n\n<p>Wer kennt die Formel\u00a0CO =3,67xC\u00a02<br>Eigentlich sollte sie in Anbetracht der aktuellen Klima\u00a0Situation mit Tornados im Nachbarland, langsam jedes Kind kennen.\u00a0<br>Eigentlich weis jeder das Klimaschutz oberste Priorit\u00e4t bei allen politischen Entscheidungen haben sollte, man d\u00fcrfe nicht riskieren unseren Kindern einen unwirtlichen Planeten zu \u00fcbergeben.<\/p>\n\n\n\n<p>&#8222;Wenn man Kohle, \u00d6l und Gas verbrennt, steigen die Temperaturen auf der Erde. Je hei\u00dfer es wird, desto mehr nimmt die Intensit\u00e4t von Extremwetterereignissen zu. Solche St\u00fcrme wie gestern&nbsp;werden wir in Zukunft immer \u00f6fter erleben&#8220;, so die Expertin&nbsp;Helga Kromp-Kolb von der Universit\u00e4t f\u00fcr Bodenkultur.&nbsp;Mindestens f\u00fcnf Menschen kamen ums Leben, rund 200 Menschen wurden&nbsp;verletzt. Sieben D\u00f6rfer hat der Wirbelsturm in der Region S\u00fcdm\u00e4hren zerst\u00f6rt.<\/p>\n\n\n\n<figure class=\"wp-block-image size-large\"><img loading=\"lazy\" width=\"683\" height=\"1024\" src=\"https:\/\/klimatoolbox.dolab.at\/wp-content\/uploads\/2021\/08\/DSCF3790-683x1024.jpg\" alt=\"\" class=\"wp-image-125\" srcset=\"https:\/\/klimatoolbox.dolab.at\/wp-content\/uploads\/2021\/08\/DSCF3790-683x1024.jpg 683w, https:\/\/klimatoolbox.dolab.at\/wp-content\/uploads\/2021\/08\/DSCF3790-200x300.jpg 200w, https:\/\/klimatoolbox.dolab.at\/wp-content\/uploads\/2021\/08\/DSCF3790-768x1152.jpg 768w, https:\/\/klimatoolbox.dolab.at\/wp-content\/uploads\/2021\/08\/DSCF3790-1024x1536.jpg 1024w, https:\/\/klimatoolbox.dolab.at\/wp-content\/uploads\/2021\/08\/DSCF3790-1365x2048.jpg 1365w, https:\/\/klimatoolbox.dolab.at\/wp-content\/uploads\/2021\/08\/DSCF3790-1568x2352.jpg 1568w, https:\/\/klimatoolbox.dolab.at\/wp-content\/uploads\/2021\/08\/DSCF3790-scaled.jpg 1707w\" sizes=\"(max-width: 683px) 100vw, 683px\" \/><\/figure>\n\n\n\n<p>Was k\u00f6nnen wir tun das ist die grosse Frage? Wie wir wissen k\u00f6nnen wir viel von der Natur lernen. Die B\u00e4ume zum Beispiel sind grosse Lehrer.&nbsp;<br>B\u00e4ume entziehen der Atmosph\u00e4re wegen ihres Holzwachstums das Treibhausgas CO2&nbsp;und leisten so einen wich\u00ad tigen Beitrag zum Klimaschutz. Wie viel Kohlenstoff die Baumarten Buche, Eiche, Fichte und Kiefer&nbsp;speichern, kann mit einfachen Kennzahlen ermittelt werden. So wird schnell und unkompliziert dargestellt, in welchem Umfang ein Baum oder ein Waldbestand einen Beitrag zum Klimaschutz leistet.&nbsp;<br>Wir wollen mit diesem Werk es visuell erl\u00e4utern wieviel CO2 in einem St\u00fcck Holz steckt, da wir es so hoffentlich besser verstehen wie essentiell die Natur f\u00fcr unser \u00fcberleben ist.<\/p>\n\n\n\n<p>Wie wird CO2 im Baum gespeichert?<\/p>\n\n\n\n<p>Im Rahmen der Photosynthese entnimmt der Baum das Kohlendioxid aus der Atmosph\u00e4re.<br>Die Formel hierf\u00fcr lautet: 6 CO2 + 12 H2O + (Sonnenn-)Energie wird im Blatt (Chlorophyll) zu C6H12O6 (Traubenzucker) + 6 O2 (Sauerstoff) + 6 H2O (Wasser)<br>Der Traubenzucker wird vom Baum verwertet, so dass das Kohlendioxid in Form von Kohlenstoff (C) im Holzk\u00f6rper gespeichert wird.<\/p>\n\n\n\n<figure class=\"wp-block-image size-large\"><img loading=\"lazy\" width=\"854\" height=\"1024\" src=\"https:\/\/klimatoolbox.dolab.at\/wp-content\/uploads\/2021\/08\/fuer-detailDSCF3784-854x1024.jpg\" alt=\"\" class=\"wp-image-126\" srcset=\"https:\/\/klimatoolbox.dolab.at\/wp-content\/uploads\/2021\/08\/fuer-detailDSCF3784-854x1024.jpg 854w, https:\/\/klimatoolbox.dolab.at\/wp-content\/uploads\/2021\/08\/fuer-detailDSCF3784-250x300.jpg 250w, https:\/\/klimatoolbox.dolab.at\/wp-content\/uploads\/2021\/08\/fuer-detailDSCF3784-768x921.jpg 768w, https:\/\/klimatoolbox.dolab.at\/wp-content\/uploads\/2021\/08\/fuer-detailDSCF3784-1280x1536.jpg 1280w, https:\/\/klimatoolbox.dolab.at\/wp-content\/uploads\/2021\/08\/fuer-detailDSCF3784-1707x2048.jpg 1707w, https:\/\/klimatoolbox.dolab.at\/wp-content\/uploads\/2021\/08\/fuer-detailDSCF3784-1568x1881.jpg 1568w, https:\/\/klimatoolbox.dolab.at\/wp-content\/uploads\/2021\/08\/fuer-detailDSCF3784.jpg 2029w\" sizes=\"(max-width: 854px) 100vw, 854px\" \/><\/figure>\n\n\n\n<p>Wie viel CO2 speichert die Fichte?<\/p>\n\n\n\n<p>Eine 35 m hohe Fichte mit einem Alter von 100 Jahren hat einem Durchmesser von 50 cm (gemessen in 1,3 m H\u00f6he). Das Holzvolumen inklusive \u00c4ste aber ohne Wurzeln betr\u00e4gt&nbsp;3,4 m3. Die darin enthaltene gesamte Biomasse hat ein Trockengewicht von knapp 1,4 Tonnen; die H\u00e4lfte des Holzk\u00f6rpers besteht aus Kohlenstoff, also 0,7 Tonnen.<br>Das bedeutet: Eine 35 m hohe Fichte hat in 100 Jahren rund 0,7 Tonnen Kohlenstoff gespeichert. Dies entspricht einer CO2&nbsp;Menge von 2,6 Tonnen CO2&nbsp;(Umrechnungsfaktor 3,67).<br>Der Mensch zum Beispiel hat da andere Werte, heir eine Statistik \u00fcbe rusneren Atem.&nbsp;CO2-Abgabe an die Atmosph\u00e4re durch menschliche Atmung<br>Die eingeatmete Luft enth\u00e4lt:<\/p>\n\n\n\n<p>20.9 % Sauerstoff,<br>78,1 % Stickstoff ,&nbsp;<br>0,93 % Argon und&nbsp;<br>0,035 % CO2.<\/p>\n\n\n\n<p>Nach Pschyrembel, Medizinisches W\u00f6rterbuch, 257. Auflage, 1994 S. 130 enth\u00e4lt<br>die ausgeatmete Luft:<\/p>\n\n\n\n<p>16 % Sauerstoff,<br>80 % Stickstoff + Argon und<br>4 % CO2.<\/p>\n\n\n\n<p>Die Atemfrequenz betr\u00e4gt beim Erwachsenen 16 &#8211; 20\/min.<\/p>\n\n\n\n<p>Das Atemzugvolumen (Atemvolumen) betr\u00e4gt beim Erwachsenen in Ruhe 400 &#8211; 600 ml.<\/p>\n\n\n\n<p>Das bedeutet rund 9 l Atemvolumen pro min und damit einen CO2-Aussto\u00df eines Menschen von rund 0.7 g\/min oder 380 kg CO2&nbsp;pro Jahr.<\/p>\n\n\n\n<p>Hochgerechnet auf&nbsp;82 Mill. B\u00fcrger in Deutschland ergibt dies eine Emission durch die Menschen von rund 30 Mill. t CO2&nbsp;pro Jahr.<\/p>\n\n\n\n<p>Zum Vergleich dazu: die energiebedingten CO2-Emission betrugen 2004 in Deutschland rund 870 Mill. t CO2, weltweit 28,2 Mrd. t CO2.<\/p>\n\n\n\n<p>Auf der Welt leben rund 6,5 Mrd. Menschen. Nach gleicher Rechnung atmen daher die&nbsp;Menschen auf der Erde 2,4 Mrd. t CO2&nbsp;im Jahr aus, d. h. die Menschen atmen weltweit fast 10 % der CO2- Menge aus, die die&nbsp;Industrie emittiert.<\/p>\n\n\n\n<p>Hinzu kommt die CO2-Emission der Tiere, die etwa in der gleichen Gr\u00f6\u00dfenordnung liegen d\u00fcrfte.Dieser Prozess l\u00e4sst sich mit einer vergleichsweise einfachen chemischen Formel beschreiben \u2013&nbsp;dem Herzst\u00fcck des menschlichen Stoffwechsels:<\/p>\n\n\n\n<p>(1): &nbsp; &nbsp; &nbsp;C6H12O6&nbsp;+ 6 O2&nbsp;\u2192 6 CO2&nbsp;+ 6 H2O + Energie<\/p>\n\n\n\n<p>Das Gegenst\u00fcck hierzu, die Photosynthese, l\u00e4sst sich mit dieser chemischen Formel beschreiben:<\/p>\n\n\n\n<p>(2): &nbsp; &nbsp; &nbsp;6 CO2&nbsp;+ 12 H2O + Energie \u2192 C6H12O6&nbsp;+ 6 H2O + 6 O2<\/p>\n\n\n\n<p>Oder in Worten: In den Chloroplasten, den mit Chlorophyll gef\u00fcllten Teilen von Pflanzenzellen, werden aus&nbsp;Kohlendioxid, Wasser und durch Sonnenstrahlen \u00fcbertragene&nbsp;Energie Kohlenhydrate gebildet (dargestellt in der Formel f\u00fcr Glucose). Als Abfallprodukte entstehen Sauerstoff und eine kleine Menge Wasser.<\/p>\n\n\n\n<p>Das&nbsp;Kohlendioxid, das wir ausatmen, stammt also aus Gleichung (1). Aus der Formel l\u00e4sst sich auch ablesen: Wir geben lediglich CO2&nbsp;an die Luft zur\u00fcck, das dort zuvor&nbsp;schon vorhanden war.&nbsp;<\/p>\n","protected":false},"excerpt":{"rendered":"<p>Wer kennt die Formel\u00a0CO =3,67xC\u00a02Eigentlich sollte sie in Anbetracht der aktuellen Klima\u00a0Situation mit Tornados im Nachbarland, langsam jedes Kind kennen.\u00a0Eigentlich weis jeder das Klimaschutz oberste Priorit\u00e4t bei allen politischen Entscheidungen haben sollte, man d\u00fcrfe nicht riskieren unseren Kindern einen unwirtlichen Planeten zu \u00fcbergeben. &#8222;Wenn man Kohle, \u00d6l und Gas verbrennt, steigen die Temperaturen auf der&hellip; <a class=\"more-link\" href=\"https:\/\/klimatoolbox.dolab.at\/?page_id=73\"><span class=\"screen-reader-text\">UNSEEABLE CO2<\/span> weiterlesen<\/a><\/p>\n","protected":false},"author":2,"featured_media":0,"parent":0,"menu_order":0,"comment_status":"closed","ping_status":"closed","template":"","meta":[],"_links":{"self":[{"href":"https:\/\/klimatoolbox.dolab.at\/index.php?rest_route=\/wp\/v2\/pages\/73"}],"collection":[{"href":"https:\/\/klimatoolbox.dolab.at\/index.php?rest_route=\/wp\/v2\/pages"}],"about":[{"href":"https:\/\/klimatoolbox.dolab.at\/index.php?rest_route=\/wp\/v2\/types\/page"}],"author":[{"embeddable":true,"href":"https:\/\/klimatoolbox.dolab.at\/index.php?rest_route=\/wp\/v2\/users\/2"}],"replies":[{"embeddable":true,"href":"https:\/\/klimatoolbox.dolab.at\/index.php?rest_route=%2Fwp%2Fv2%2Fcomments&post=73"}],"version-history":[{"count":4,"href":"https:\/\/klimatoolbox.dolab.at\/index.php?rest_route=\/wp\/v2\/pages\/73\/revisions"}],"predecessor-version":[{"id":127,"href":"https:\/\/klimatoolbox.dolab.at\/index.php?rest_route=\/wp\/v2\/pages\/73\/revisions\/127"}],"wp:attachment":[{"href":"https:\/\/klimatoolbox.dolab.at\/index.php?rest_route=%2Fwp%2Fv2%2Fmedia&parent=73"}],"curies":[{"name":"wp","href":"https:\/\/api.w.org\/{rel}","templated":true}]}}