{"id":7,"date":"2021-04-12T10:51:03","date_gmt":"2021-04-12T10:51:03","guid":{"rendered":"https:\/\/klimatoolbox.dolab.at\/?page_id=7"},"modified":"2021-08-10T14:22:33","modified_gmt":"2021-08-10T14:22:33","slug":"kontakt","status":"publish","type":"page","link":"https:\/\/klimatoolbox.dolab.at\/?page_id=7","title":{"rendered":"KLIMA TOOLBOX EXHIBITION"},"content":{"rendered":"\n<figure class=\"wp-block-embed is-type-video is-provider-youtube wp-block-embed-youtube wp-embed-aspect-16-9 wp-has-aspect-ratio\"><div class=\"wp-block-embed__wrapper\">\n<iframe loading=\"lazy\" title=\"klimatoolbox f\u00fchrung\" width=\"750\" height=\"422\" src=\"https:\/\/www.youtube.com\/embed\/YpHwGj5VOC8?feature=oembed\" frameborder=\"0\" allow=\"accelerometer; autoplay; clipboard-write; encrypted-media; gyroscope; picture-in-picture\" allowfullscreen><\/iframe>\n<\/div><\/figure>\n\n\n\n<p>Das Projekt KLIMA TOOLBOX nimmt das derzeit sehr aktuelle Thema der Klima Erw\u00e4rmung und entwickelt Tools um das nicht sichtbare und unbegreifbare sichtbar\/erfahrbar zu machen. Zum Beispiel wie w\u00fcrden CO2 aussehen, sich anf\u00fchlen, wenn es sichtbar w\u00e4re, und wie sieht der \u00dcberschuss an CO2 in der Zukunft aus. K\u00f6nnte man eine Vogelscheuche auf die Bergwiesen stellen um die Treibhausgase in der Atmosph\u00e4re zu verscheuchen oder gar einzufangen? Es ist eine sinnliche Spurensuche nach den Verk\u00f6rperlichungen eines m\u00e4chtigen Mythos.<\/p>\n\n\n\n<p><strong>THEMENAUFRISS<\/strong><\/p>\n\n\n\n<p>Die im Rahmen des Projekts entstehende KLIMA TOOLBOX beinhaltet auch eine kritische Medien und Gesellschaftsanalyse und versucht sich an einem diskursiven Prozess. Die KLIMA TOOLBOX und die enthaltenen Werkzeuge Visualisierungen, Videos, aber auch 3 Dimensionale Werkzeuge vermitteln das Thema der Klima Erw\u00e4rmung und machen diesen somit begreifbarer. W\u00e4hrend 1-2 Workshops wollten wir analysieren ob wir durch k\u00fcnstlerische Visualisierung das Klima Thema begreifbar machen k\u00f6nnen. Leider konnte diese Workshops und andere angedachte Veranstaltungen Pandemie bedingt nicht stattfinden, darauf hin haben wir das Konzept \u00fcberdacht und nach alternativen gesucht. Der Workshop fand dann versp\u00e4tetet online statt und wir hatten die M\u00f6glichkeit die Klima Toolbox einer Schulklasse zum testen zur Verf\u00fcgung zu stellen. Die Ausstellung haben wir um sie auch sofern M\u00f6glich der \u00d6ffentlichkeit zu Verf\u00fcgung zu stellen in unser Designb\u00fcro\/Makerspace hineingebaut. Um diese vom Alltag zu trennen haben wir die Ausstellung in unseren BIO GEO DOME gebaut. Der BIO GEO DOME ist eigentlich ein Gew\u00e4chshaus, aber eigner sich auch gut um diese KLIMA TOOLBOX Ausstellung zu umrahmen.<\/p>\n\n\n\n<p>Als ich gerade diesen Text aktualisiere bekomme ich eine Eilmeldung vom Kurier, ein Artikel vom 9.8.2021 mit folgender \u00dcberschrift 5 Grad plus und mehr? Die Klimaprognosen werden immer katastrophaler<\/p>\n\n\n\n<p>Der neueste Bericht des UN-Klimarates sieht die bisherigen Prognosen als zu optimistisch an und fleht Regierungen an, alles zu tun, um die Schlimmste noch zu verhindern.<\/p>\n\n\n\n<p>Ich zitiere Bernhard Gaul: \u201cWenn wir unsere Treibhausgas-Emissionen nicht bald stoppen, k\u00f6nnte sich unser k\u00fcnftiges Klima zu einer H\u00f6lle auf Erden entwickeln\u201c, zitiert der britische Guardian den Klimaforscher Tim Palmer von der Uni Oxford. Anlass f\u00fcr diese d\u00fcstere Prognose ist der inzwischen sechste Sachstandsbericht des UN-Klimabeirats IPCC. Darin hei\u00dft es unter anderem, dass mit der derzeitigen Entwicklung bereits 2030 eine Erderw\u00e4rmung um 1,5 Grad im Vergleich zum vorindustriellen Zeitalter erreicht sein wird, und damit viel fr\u00fcher als noch im vorangegangenen Sachstandsbericht prognostiziert.<\/p>\n\n\n\n<p>Es g\u00e4be inzwischen keine Region mehr auf der Erde, die nicht vom Klimawandel betroffen ist: Extrem Hitze werden wir immer \u00f6fter erleben m\u00fcssen, D\u00fcrren werden in einigen Regionen drastisch zunehmen, dadurch auch mehr Br\u00e4nde. Die Ozeane heizen sich au\u00dferdem auf, sie verlieren an Sauerstoffkonzentration, daf\u00fcr steigt die Vers\u00e4uerung der Meere. Zudem &nbsp;werden Extreme Wetterereignisse wie Starkregen deutlich zunehmen.<\/p>\n\n\n\n<p>Die Wetterextreme der vergangenen Wochen &nbsp;\u2013 vom Starkregen in Deutschland und Belgien \u00fcber den Tornado in Tschechien, Hagel in Nieder- und Ober\u00f6sterreich oder nun erneut die Waldbr\u00e4nde in S\u00fcdeuropa und der T\u00fcrkei \u2013 geben uns einmal mehr einen Blick in unsere Zukunft. Umso mehr sind wir best\u00e4tigt mit dem Wahl unseres Themas. Darum werden alles versuchen das die Ausstellung auch an anderen Orten zu sehen sein wird.&nbsp;<\/p>\n\n\n\n<p>KLIMA TOOLBOX AUSTELLUNG zu besichtigen im <\/p>\n\n\n\n<p>DO!lab Lofererstr.12 5760 Saalfelden www.dolab.at<\/p>\n\n\n\n<p>von 9.00-13.00 Uhr oder nach Voranmeldung<\/p>\n","protected":false},"excerpt":{"rendered":"<p>Das Projekt KLIMA TOOLBOX nimmt das derzeit sehr aktuelle Thema der Klima Erw\u00e4rmung und entwickelt Tools um das nicht sichtbare und unbegreifbare sichtbar\/erfahrbar zu machen. Zum Beispiel wie w\u00fcrden CO2 aussehen, sich anf\u00fchlen, wenn es sichtbar w\u00e4re, und wie sieht der \u00dcberschuss an CO2 in der Zukunft aus. K\u00f6nnte man eine Vogelscheuche auf die Bergwiesen&hellip; <a class=\"more-link\" href=\"https:\/\/klimatoolbox.dolab.at\/?page_id=7\"><span class=\"screen-reader-text\">KLIMA TOOLBOX EXHIBITION<\/span> weiterlesen<\/a><\/p>\n","protected":false},"author":1,"featured_media":0,"parent":0,"menu_order":0,"comment_status":"closed","ping_status":"closed","template":"","meta":[],"_links":{"self":[{"href":"https:\/\/klimatoolbox.dolab.at\/index.php?rest_route=\/wp\/v2\/pages\/7"}],"collection":[{"href":"https:\/\/klimatoolbox.dolab.at\/index.php?rest_route=\/wp\/v2\/pages"}],"about":[{"href":"https:\/\/klimatoolbox.dolab.at\/index.php?rest_route=\/wp\/v2\/types\/page"}],"author":[{"embeddable":true,"href":"https:\/\/klimatoolbox.dolab.at\/index.php?rest_route=\/wp\/v2\/users\/1"}],"replies":[{"embeddable":true,"href":"https:\/\/klimatoolbox.dolab.at\/index.php?rest_route=%2Fwp%2Fv2%2Fcomments&post=7"}],"version-history":[{"count":9,"href":"https:\/\/klimatoolbox.dolab.at\/index.php?rest_route=\/wp\/v2\/pages\/7\/revisions"}],"predecessor-version":[{"id":157,"href":"https:\/\/klimatoolbox.dolab.at\/index.php?rest_route=\/wp\/v2\/pages\/7\/revisions\/157"}],"wp:attachment":[{"href":"https:\/\/klimatoolbox.dolab.at\/index.php?rest_route=%2Fwp%2Fv2%2Fmedia&parent=7"}],"curies":[{"name":"wp","href":"https:\/\/api.w.org\/{rel}","templated":true}]}}