{"id":62,"date":"2021-04-27T15:13:36","date_gmt":"2021-04-27T15:13:36","guid":{"rendered":"https:\/\/klimatoolbox.dolab.at\/?page_id=62"},"modified":"2021-08-10T13:35:01","modified_gmt":"2021-08-10T13:35:01","slug":"bio-photo-reaktor","status":"publish","type":"page","link":"https:\/\/klimatoolbox.dolab.at\/?page_id=62","title":{"rendered":"BIO PHOTOREAKTOR"},"content":{"rendered":"\n<figure class=\"wp-block-image size-large\"><img loading=\"lazy\" width=\"768\" height=\"1024\" src=\"https:\/\/klimatoolbox.dolab.at\/wp-content\/uploads\/2021\/08\/image.jpeg\" alt=\"\" class=\"wp-image-102\" srcset=\"https:\/\/klimatoolbox.dolab.at\/wp-content\/uploads\/2021\/08\/image.jpeg 768w, https:\/\/klimatoolbox.dolab.at\/wp-content\/uploads\/2021\/08\/image-225x300.jpeg 225w\" sizes=\"(max-width: 768px) 100vw, 768px\" \/><\/figure>\n\n\n\n<p><\/p>\n\n\n\n<p>Algen sind unsere wichtigsten Sauerstoffproduzenten auf der Erde. Sie leben in nahezu jedem \u00d6kosystem und tragen zu den grundlegendsten biologischen Prozessen auf unserem Planeten bei. K\u00f6nnen wir als Gesellschaft lebende Organismen wie Algen \u00fcber ein blo\u00dfes wissenschaftliches Verst\u00e4ndnis hinweg durch ihr wirtschaftliches, politisches und kreatives Potenzial aus betrachten? Welche M\u00f6glichkeiten bieten Algen uns damit bereits heute f\u00fcr eine \u00f6kologisch nachhaltigere Zukunft? Sind wir bereit, unsere allt\u00e4glichen Konventionen zu \u00e4ndern, um stattdessen neue und nachhaltigere Alternativen zu finden? Dies sind ein paar der Fragen mit denen wir uns unter anderem mit der Entwicklung des BIO PHOTOREKTOR auseinandergesetzt haben.<br>Mit diesem Werk m\u00f6chten wir dem Wachstums und Entwicklungsprozess zweier Algen Kulturen vergleichen. Algen sind in fast allen \u00d6kosystemen wichtige\u00a0Prim\u00e4rproduzenten und weisen eine enorme\u00a0phylogenetische Vielfalt auf. In einem\u00a0Reaktor befindet sich gekaufte\u00a0Spirulina Algen Kulturen und im anderen eine heimische Alge die aus einen Bach geerntet wurde. Durch die effektive CO2-Assimilation und ihre F\u00e4higkeit, Innenlicht zu absorbieren, machen die Mikroalgenorganismen die Photosynthese wesentlich effizienter als Pflanzen und sind somit regenerative Energiesysteme.\u00a0Es ist auch ein Ziel durchaus m\u00f6gliche Zukunftsperspektiven vorzustellen und zu erarbeiten, welche die Art und Weise, wie wir regenerative Prozesse heute verstehen, sofort ver\u00e4ndern.\u00a0Das k\u00fcnstlerische Forschungsprojekt soll den Betrachter ermutigen \u00fcber bisher ungenutzte regenerative Kr\u00e4fte nachzudenken. Das Projekt sensibilisiert uns f\u00fcr die Potenziale des Algen-Biofilms und unterst\u00fctzt die Beteiligten auch dabei, pers\u00f6nlich zu einer aktiven Wende zu nachhaltigeren Zukunftsperspektiven durch neue Biotechnologien beizutragen.\u00a0<\/p>\n\n\n\n<p>Spirulina\u00a0(korrekter\u00a0Arthrospira, bei\u00a0der Gattung Spirulina\u00a0handelt es sich um ein anderes fern verwandtes Cyanobakterium)[1]\u00a0ist eine Gattung der\u00a0Cyanobakterien\u00a0(fr\u00fcher als \u201eBlaualgen\u201c bezeichnet). Bis zu 35\u00a0Arten\u00a0werden unterschieden (zum Beispiel\u00a0Arthrospira platensis,\u00a0Arthrospira\u00a0fusiformis,\u00a0Arthrospira maxima), es ist jedoch unklar, ob nicht diese 35 Arten m\u00f6glicherweise doch alle derselben Art angeh\u00f6ren, da Spirulina ihre\u00a0Gestalt in Abh\u00e4ngigkeit vom N\u00e4hrstoffgehalt und pH-Wert des Wassers \u00e4ndert.\u00a0Spirulina kommt in stark\u00a0alkalischen\u00a0Salzseen\u00a0(pH-Wert\u00a0zwischen 9 und 11), aber auch in S\u00fc\u00dfwasser[3]\u00a0vor, sie besiedelt flache, subtropische bis\u00a0tropische Gew\u00e4sser mit hohem Salzgehalt, vor allem in Mittelamerika, S\u00fcdostasien, Afrika und Australien. Sie wurde schon seit alters her von den an\u00a0diesen Gew\u00e4ssern wohnenden Menschen als Nahrung genutzt, zum Beispiel von den\u00a0Kanembu\u00a0am afrikanischen\u00a0Tschadsee\u00a0in Form von\u00a0Dihe\u00a0und\u00a0am mexikanischen\u00a0Texcoco-See\u00a0(als\u00a0Tecuitatl\u00a0von den\u00a0Azteken)[4]. An das Letzte erinnert noch heute die\u00a0Sodakonzentrationsschnecke\u00a0im\u00a0Tal von\u00a0Mexiko.<br>Spirulina-Biomasse wird in offenen und geschlossenen\u00a0Aquakulturen\u00a0bei einer Wassertemperatur von bis zu 37 Grad Celsius produziert. Das\u00a0optimale Wachstum von Spirulina h\u00e4ngt wesentlich von der zur Verf\u00fcgung gestellten Menge an Kohlenstoffdioxid (CO2) ab. Daher wird den\u00a0Aquakulturen neben dem Kohlenstoffdioxid, das aus der Luft in die Kultur gelangt, zus\u00e4tzlich CO2\u00a0aus verschiedenen Quellen zugef\u00fchrt. So w\u00e4chst\u00a0Spirulina nicht nur schneller, sondern produziert auch wesentlich mehr Sauerstoff.\u00a0Die Mikroalge Spirulina hat das Potenzial, in verschiedenen Formen als Lebensmittel angeboten zu werden.\u00a0Bei unserem Research sind wir auch auf die Wahnsinnig umfangreiche\u00a0Sammlung von der Universit\u00e4t G\u00f6ttingen gesto\u00dfen. Die\u00a0Sammlung von Algenkulturen der Universit\u00e4t G\u00f6ttingen\u00a0ist ein umfassendes biologisches Ressourcenzentrum f\u00fcr lebendes Kulturmaterial von Mikroalgen und z\u00e4hlt zu den drei gr\u00f6\u00dften Algenservice-Sammlungen der\u00a0Welt. Es unterst\u00fctzt weltweit die wissenschaftliche, biotechnologische und p\u00e4dagogische Gemeinschaft durch seine verschiedenen Dienstleistungen und\u00a0kuratorischen Rollen. Wir haben selber viel \u00fcber Algen durch den t\u00e4glichen Kontakt mit Ihnen in unseren Bio Photoreaktoren gehabt, teilweise haben wir Ihnen da wir erfahren haben das sie sehr sensibel auf Ver\u00e4nderungen reagieren(alleine schon der Transport mit Fedex aus Schweden in der Winterzeit war Intensiv) auch Musik vorgespielt, wie zum Beispiel den Soundtrack von Stevie Wonder\u00a0THE SECRET <\/p>\n\n\n\n<p><\/p>\n\n\n\n<figure class=\"wp-block-image size-large\"><img loading=\"lazy\" width=\"768\" height=\"1024\" src=\"https:\/\/klimatoolbox.dolab.at\/wp-content\/uploads\/2021\/08\/IMG_7209-768x1024.jpg\" alt=\"\" class=\"wp-image-105\" srcset=\"https:\/\/klimatoolbox.dolab.at\/wp-content\/uploads\/2021\/08\/IMG_7209-768x1024.jpg 768w, https:\/\/klimatoolbox.dolab.at\/wp-content\/uploads\/2021\/08\/IMG_7209-225x300.jpg 225w, https:\/\/klimatoolbox.dolab.at\/wp-content\/uploads\/2021\/08\/IMG_7209-1152x1536.jpg 1152w, https:\/\/klimatoolbox.dolab.at\/wp-content\/uploads\/2021\/08\/IMG_7209-1536x2048.jpg 1536w, https:\/\/klimatoolbox.dolab.at\/wp-content\/uploads\/2021\/08\/IMG_7209-1568x2091.jpg 1568w, https:\/\/klimatoolbox.dolab.at\/wp-content\/uploads\/2021\/08\/IMG_7209-scaled.jpg 1920w\" sizes=\"(max-width: 768px) 100vw, 768px\" \/><\/figure>\n\n\n\n<p>Hier ein SONGTEXT<\/p>\n\n\n\n<p>LIFE OF PLANTS <\/p>\n\n\n\n<p>I can&#8217;t conceive the nucleus of all<br>Begins inside a tiny seed<br>And what we think as insignificant<br>Provides the purest air we breathe<\/p>\n\n\n\n<p>But who am I to doubt or question the inevitable being<br>For these are but a few discoveries<br>We find inside The Secret Life Of Plants<\/p>\n\n\n\n<p>A species smaller than the eye can see<br>Or&nbsp;larger&nbsp;than&nbsp;most&nbsp;living&nbsp;things<br>And&nbsp;yet&nbsp;we&nbsp;take&nbsp;from&nbsp;it&nbsp;without&nbsp;consent<br>Our&nbsp;shelter,&nbsp;food,&nbsp;habilment<\/p>\n\n\n\n<p>But&nbsp;who&nbsp;am&nbsp;I&nbsp;to&nbsp;doubt&nbsp;or&nbsp;question&nbsp;the&nbsp;inevitable&nbsp;being<br>For&nbsp;these&nbsp;are&nbsp;but a&nbsp;few&nbsp;discoveries<br>Wwe&nbsp;find&nbsp;inside&nbsp;The&nbsp;Secret&nbsp;Life&nbsp;Of&nbsp;Plants<\/p>\n\n\n\n<p>But&nbsp;far&nbsp;too&nbsp;many&nbsp;give&nbsp;them&nbsp;in&nbsp;return<br>A&nbsp;stomp,&nbsp;cut,&nbsp;drown,&nbsp;or&nbsp;burn<br>As&nbsp;is&nbsp;they&#8217;re&nbsp;nothing<br>But&nbsp;if&nbsp;you&nbsp;ask&nbsp;yourself&nbsp;where&nbsp;would&nbsp;you&nbsp;be<br>Without&nbsp;them&nbsp;you&nbsp;will&nbsp;find&nbsp;you&nbsp;would&nbsp;not<\/p>\n\n\n\n<p>And&nbsp;some&nbsp;believe&nbsp;antennas&nbsp;are&nbsp;their&nbsp;leaves<br>That&nbsp;spans&nbsp;beyond&nbsp;our&nbsp;galaxy<br>They&#8217;ve&nbsp;been,&nbsp;they&nbsp;are&nbsp;and&nbsp;probably&nbsp;will&nbsp;be<br>Who&nbsp;are&nbsp;the&nbsp;mediocrity<\/p>\n\n\n\n<p>But&nbsp;who&nbsp;am&nbsp;I&nbsp;to&nbsp;doubt&nbsp;or&nbsp;question&nbsp;the&nbsp;inevitable&nbsp;being<br>For&nbsp;these&nbsp;are&nbsp;but a&nbsp;few&nbsp;discoveries<br>We&nbsp;find&nbsp;inside&nbsp;The&nbsp;Secret&nbsp;Life&nbsp;Of&nbsp;Plants<br>For&nbsp;these&nbsp;are&nbsp;but a&nbsp;few&nbsp;discoveries<br>We&nbsp;find&nbsp;inside&nbsp;The&nbsp;Secret&nbsp;Life&nbsp;Of&nbsp;Plants<br>Writer(s): Wonder Stevie <\/p>\n\n\n\n<figure class=\"wp-block-image size-large\"><img loading=\"lazy\" width=\"768\" height=\"1024\" src=\"https:\/\/klimatoolbox.dolab.at\/wp-content\/uploads\/2021\/08\/IMG_7829-768x1024.jpg\" alt=\"\" class=\"wp-image-106\" srcset=\"https:\/\/klimatoolbox.dolab.at\/wp-content\/uploads\/2021\/08\/IMG_7829-768x1024.jpg 768w, https:\/\/klimatoolbox.dolab.at\/wp-content\/uploads\/2021\/08\/IMG_7829-225x300.jpg 225w, https:\/\/klimatoolbox.dolab.at\/wp-content\/uploads\/2021\/08\/IMG_7829-1152x1536.jpg 1152w, https:\/\/klimatoolbox.dolab.at\/wp-content\/uploads\/2021\/08\/IMG_7829-1536x2048.jpg 1536w, https:\/\/klimatoolbox.dolab.at\/wp-content\/uploads\/2021\/08\/IMG_7829-1568x2091.jpg 1568w, https:\/\/klimatoolbox.dolab.at\/wp-content\/uploads\/2021\/08\/IMG_7829-scaled.jpg 1920w\" sizes=\"(max-width: 768px) 100vw, 768px\" \/><\/figure>\n","protected":false},"excerpt":{"rendered":"<p>Algen sind unsere wichtigsten Sauerstoffproduzenten auf der Erde. Sie leben in nahezu jedem \u00d6kosystem und tragen zu den grundlegendsten biologischen Prozessen auf unserem Planeten bei. K\u00f6nnen wir als Gesellschaft lebende Organismen wie Algen \u00fcber ein blo\u00dfes wissenschaftliches Verst\u00e4ndnis hinweg durch ihr wirtschaftliches, politisches und kreatives Potenzial aus betrachten? Welche M\u00f6glichkeiten bieten Algen uns damit bereits&hellip; <a class=\"more-link\" href=\"https:\/\/klimatoolbox.dolab.at\/?page_id=62\"><span class=\"screen-reader-text\">BIO PHOTOREAKTOR<\/span> weiterlesen<\/a><\/p>\n","protected":false},"author":2,"featured_media":0,"parent":0,"menu_order":0,"comment_status":"closed","ping_status":"closed","template":"","meta":[],"_links":{"self":[{"href":"https:\/\/klimatoolbox.dolab.at\/index.php?rest_route=\/wp\/v2\/pages\/62"}],"collection":[{"href":"https:\/\/klimatoolbox.dolab.at\/index.php?rest_route=\/wp\/v2\/pages"}],"about":[{"href":"https:\/\/klimatoolbox.dolab.at\/index.php?rest_route=\/wp\/v2\/types\/page"}],"author":[{"embeddable":true,"href":"https:\/\/klimatoolbox.dolab.at\/index.php?rest_route=\/wp\/v2\/users\/2"}],"replies":[{"embeddable":true,"href":"https:\/\/klimatoolbox.dolab.at\/index.php?rest_route=%2Fwp%2Fv2%2Fcomments&post=62"}],"version-history":[{"count":7,"href":"https:\/\/klimatoolbox.dolab.at\/index.php?rest_route=\/wp\/v2\/pages\/62\/revisions"}],"predecessor-version":[{"id":152,"href":"https:\/\/klimatoolbox.dolab.at\/index.php?rest_route=\/wp\/v2\/pages\/62\/revisions\/152"}],"wp:attachment":[{"href":"https:\/\/klimatoolbox.dolab.at\/index.php?rest_route=%2Fwp%2Fv2%2Fmedia&parent=62"}],"curies":[{"name":"wp","href":"https:\/\/api.w.org\/{rel}","templated":true}]}}