{"id":6,"date":"2021-04-12T10:51:03","date_gmt":"2021-04-12T10:51:03","guid":{"rendered":"https:\/\/klimatoolbox.dolab.at\/?page_id=6"},"modified":"2021-08-10T13:36:16","modified_gmt":"2021-08-10T13:36:16","slug":"ueber-uns","status":"publish","type":"page","link":"https:\/\/klimatoolbox.dolab.at\/?page_id=6","title":{"rendered":"KLIMA TOOLBOX"},"content":{"rendered":"\n<p>Die KLIMA TOOLBOX basiert in seinen Grundz\u00fcgen nicht auf Glaubens\u00e4tzen oder Meinungen, sondern auf faktenbasierter Analysen.&nbsp;Die KLIMA TOOLBOX werden wir im \u00f6ffentlichen Raum unserer Region pr\u00e4sentieren. Genaue Standorte und M\u00f6glichkeiten h\u00e4ngen von den noch zu erstellenden Exponaten ab. Das Klima<br>ver\u00e4ndert sich dramatisch, und weil das massive Auswirkungen auf die menschliche Zivilisation haben wird, sehen viele Wissenschafter darin zurecht das gr\u00f6\u00dfte Problem der Menschheitsgeschichte, somit m\u00f6chten wir mit der KLIMA TOOLBOX Werkzeugeentwickeln um nicht<br>nur dieses Problem begreifbarer zu machen, aber eventuell auch Methoden zu entwickeln um dieses zu ver\u00e4ndern. Wir m\u00f6chten mit der KLIMA TOOLBOX darauf hinweisen das was jeder Einzelne tut<br>relevant ist und wir Emissionen t\u00e4glich vermeiden k\u00f6nnen.<\/p>\n\n\n\n<p><br><strong>ABOUT US:<\/strong>SEIT 2005 VERBINDEN CLAASSEN &amp; PARTNER IN IHRER ARBEIT ELEMENTE AUS VERSCHIEDENEN&nbsp;KONTEXTEN UND KOMBINIERT SIE DANN AUF NEUE WEISE. HIER LIEGT DIE ZENTRALE ROLLE DES&nbsp;DESIGNPROZESSES: DAS EXPERIMENTIEREN MIT NEUEN MATERIALIEN, DIE PRAKTISCHE ERFORSCHUNG&nbsp;NEUER KONSTELLATIONEN, DAS SPIEL MIT DER SPRACHE DER FORMEN.&nbsp;<\/p>\n\n\n\n<p>AUF DIESE WEISE MANIFESTIEREN SICH NEUE KOMBINATIONEN, DIE SICH EINERSEITS AUF DEN&nbsp;ENTWURFSPROZESS BEZIEHEN, UND F\u00dcHREN ANDERERSEITS DIE ANGEBLICHE KONGRUENZ VON FORM&nbsp;UND FUNKTION AD ABSURDUM UNTERGRABEN ODER HINTERFRAGEN SIE.&nbsp;<\/p>\n\n\n\n<p>FORM UND THEMATISCHE BEZ\u00dcGE WERDEN AUFGEGRIFFEN, DEKONSTRUIERT UND IN EINER NEUEN&nbsp;KONSTELLATION IN DEN KULTURZYKLUS ZUR\u00dcCKGEF\u00dcHRT. MATERIALIEN, DIE BEREITS IHREN ZWECK&nbsp;ERF\u00dcLLT HABEN, WERDEN RECYCELT UND EINER NEUEN MISSION ZUGEWIESEN. DIE ANFORDERUNG&nbsp;BLEIBT HIER JEDERZEIT BESTEHEN: KONSISTENTES, GERADLINIGES DESIGN, DAS AUF DAS WESENTLICHE&nbsp;REDUZIERT WIRD.<\/p>\n\n\n\n<p>WIR VERSTEHEN UNS ALS TEAM ZUR UMSETZUNG VON DESIGNSTRATEGIEN. DIES GILT GLEICHERMASSEN&nbsp;F\u00dcR KOMPLEXE, VON DER INDUSTRIE HERGESTELLTE KONSTRUKTIONSAUFGABEN SOWIE F\u00dcR&nbsp;KLEINSERIEN- UND SONDERANFERTIGUNGEN, BEI DENEN IN ZUSAMMENARBEIT MIT PARTNERN AUS&nbsp;INDUSTRIE UND HANDEL SOGAR NEUE PRODUKTIONSVERFAHREN ENTWICKELT WERDEN K\u00d6NNEN. WIR&nbsp;KONZENTRIEREN UNSERE AUFMERKSAMKEIT AUF ALTE HANDWERKSKUNST UND TRADITION UND&nbsp;KOMBINIEREN SIE MIT DIGITALEN PRODUKTIONSMETHODEN WIE DEM 3D-DRUCK, UM EINEN NEUEN&nbsp;ZEITGEN\u00d6SSISCHEN STIL ZU SCHAFFEN, INDEM WIR DEN SCHNITTPUNKT DIESER WELTEN BETRACHTEN.&nbsp;<\/p>\n","protected":false},"excerpt":{"rendered":"<p>Die KLIMA TOOLBOX basiert in seinen Grundz\u00fcgen nicht auf Glaubens\u00e4tzen oder Meinungen, sondern auf faktenbasierter Analysen.&nbsp;Die KLIMA TOOLBOX werden wir im \u00f6ffentlichen Raum unserer Region pr\u00e4sentieren. Genaue Standorte und M\u00f6glichkeiten h\u00e4ngen von den noch zu erstellenden Exponaten ab. Das Klimaver\u00e4ndert sich dramatisch, und weil das massive Auswirkungen auf die menschliche Zivilisation haben wird, sehen viele&hellip; <a class=\"more-link\" href=\"https:\/\/klimatoolbox.dolab.at\/?page_id=6\"><span class=\"screen-reader-text\">KLIMA TOOLBOX<\/span> weiterlesen<\/a><\/p>\n","protected":false},"author":1,"featured_media":0,"parent":0,"menu_order":0,"comment_status":"closed","ping_status":"closed","template":"","meta":[],"_links":{"self":[{"href":"https:\/\/klimatoolbox.dolab.at\/index.php?rest_route=\/wp\/v2\/pages\/6"}],"collection":[{"href":"https:\/\/klimatoolbox.dolab.at\/index.php?rest_route=\/wp\/v2\/pages"}],"about":[{"href":"https:\/\/klimatoolbox.dolab.at\/index.php?rest_route=\/wp\/v2\/types\/page"}],"author":[{"embeddable":true,"href":"https:\/\/klimatoolbox.dolab.at\/index.php?rest_route=\/wp\/v2\/users\/1"}],"replies":[{"embeddable":true,"href":"https:\/\/klimatoolbox.dolab.at\/index.php?rest_route=%2Fwp%2Fv2%2Fcomments&post=6"}],"version-history":[{"count":4,"href":"https:\/\/klimatoolbox.dolab.at\/index.php?rest_route=\/wp\/v2\/pages\/6\/revisions"}],"predecessor-version":[{"id":153,"href":"https:\/\/klimatoolbox.dolab.at\/index.php?rest_route=\/wp\/v2\/pages\/6\/revisions\/153"}],"wp:attachment":[{"href":"https:\/\/klimatoolbox.dolab.at\/index.php?rest_route=%2Fwp%2Fv2%2Fmedia&parent=6"}],"curies":[{"name":"wp","href":"https:\/\/api.w.org\/{rel}","templated":true}]}}