{"id":53,"date":"2021-04-27T14:13:19","date_gmt":"2021-04-27T14:13:19","guid":{"rendered":"https:\/\/klimatoolbox.dolab.at\/?page_id=53"},"modified":"2021-08-10T09:32:24","modified_gmt":"2021-08-10T09:32:24","slug":"what-is-left","status":"publish","type":"page","link":"https:\/\/klimatoolbox.dolab.at\/?page_id=53","title":{"rendered":"WHAT IS LEFT"},"content":{"rendered":"\n<figure class=\"wp-block-image size-large\"><img loading=\"lazy\" width=\"1024\" height=\"683\" src=\"https:\/\/klimatoolbox.dolab.at\/wp-content\/uploads\/2021\/08\/DSCF3802-1024x683.jpg\" alt=\"\" class=\"wp-image-131\" srcset=\"https:\/\/klimatoolbox.dolab.at\/wp-content\/uploads\/2021\/08\/DSCF3802-1024x683.jpg 1024w, https:\/\/klimatoolbox.dolab.at\/wp-content\/uploads\/2021\/08\/DSCF3802-300x200.jpg 300w, https:\/\/klimatoolbox.dolab.at\/wp-content\/uploads\/2021\/08\/DSCF3802-768x512.jpg 768w, https:\/\/klimatoolbox.dolab.at\/wp-content\/uploads\/2021\/08\/DSCF3802-1536x1024.jpg 1536w, https:\/\/klimatoolbox.dolab.at\/wp-content\/uploads\/2021\/08\/DSCF3802-2048x1365.jpg 2048w, https:\/\/klimatoolbox.dolab.at\/wp-content\/uploads\/2021\/08\/DSCF3802-1568x1045.jpg 1568w\" sizes=\"(max-width: 1024px) 100vw, 1024px\" \/><\/figure>\n\n\n\n<p>Seit \u00fcber 30 Jahren ruft die US-Umweltorganisation Ocean Conservancy zur gr\u00f6\u00dften freiwilligen Meeresschutzaktion auf \u2013 dem\u00a0International Coastal Cleanup Day (ICC), um auf die Problematik\u00a0der verm\u00fcllten Meere aufmerksam zu machen. Der NABU ist seit 2010 beim K\u00fcstenputz im Rahmen der Initiative\u00a0&#8222;Meere ohne Plastik&#8220;\u00a0in Deutschland aktiv. 2021 findet der International Coast Cleanup day am 19. September statt.\u00a0<br>Warum passiert so etwas nicht auf den Skipisten?\u00a0Nach der Skisaison(dieses Jahr wahrscheinlich nicht so extrem) findet\u00a0mann so manchen M\u00fcll auf einer Skipiste. Wir haben an einem Nachmittag auf einer Piste zu zweit 2\u00a0volle Mists\u00e4cke voll mit haupts\u00e4chlich Plastik M\u00fcll gesammelt. Was passiert damit wenn es Menschen\u00a0so wie wir nicht aufsammeln? Entweder es wird von den K\u00fchen gefressen die im Sommer dann auf der\u00a0Weide stehen, und somit gelangt es in die Milch die wir trinken, oder es wird vom Regen in unsere\u00a0Gew\u00e4sser geschw\u00e4rmt. Dieses versucht selbstverst\u00e4ndlich die zun\u00e4hme an Mikroplastik in unsere\u00a0Welt. Aber selbst in abgelegenen Regionen sowie am Sonnblick fanden Wissenschaftler 9,6\u00a0Mikrogramm Plastik pro Liter Niederschlag. \u00a0Sie vermuten dass ein Windstoss der Luftschwall der auch\u00a0die St\u00e4dte zieht, Mikroplastik von dort mitzieht, und \u00fcberall verteilt. Mikroplastik ist deswegen so\u00a0gef\u00e4hrlich weil es hunderte von Jahren braucht um vollst\u00e4ndig zu zerfallen, so kann es sich \u00fcber den\u00a0ganzen Planeten verteilen. \u00a0Weil es praktisch unsichtbar ist finde es auch entweder auf direktem oder\u00a0indirektem Weg in unseren K\u00f6rper. Abgesehen davon wie es die Tiere und die Flora beeinflusst.<br>\u2022\u00a0Erstmals haben Wissenschaftler Mikroplastik auch im Schnee nachgewiesen.<br>\u2022 In Proben aus Eisschollen des Nordatlantik, den Schweizer Alpen sowie Bayern und Bremen fanden sie in 20 von 21 Schneeproben Mikroplastik.                                                                                                               \u2022 Mikroplastik und NanoplastikMikroplastik bezeichnet Kunststoffpartikel unter einer Gr\u00f6\u00dfe von f\u00fcnf Millimetern. Es entsteht u.a. durch langsamen Zerfall gr\u00f6\u00dferer Plastikst\u00fccke im Meer\u00a0und an Land. Die aktuelle Studie zeigt, dass Mikroplastik auch \u00fcber die Atmosph\u00e4re verbreitet wird und eine weltweite &#8222;Hintergrundbelastung&#8220; erzeugt. Sie\u00a0ist auch dort messbar, wo keine direkten Quellen wie Ballungszentren oder Industrie vorhanden sind.<br>Mit dem Fourier-Transform-Infrarot-Spektrometer (FTIR) k\u00f6nnen bislang nur Partikel bis zu einer Gr\u00f6\u00dfe von elf Mikrometern nachgewiesen werden. Das\u00a0entspricht einem Sechstel des Durchmessers eines menschlichen Haares. Das FTIR beleuchtet die Mikropartikel mit Infrarotlicht und analysiert die zur\u00fcckgeworfene Strahlung. Da unterschiedliche Stoffe bestimmte Wellenl\u00e4ngen absorbieren oder reflektieren, kann so ihre Substanz bestimmt werden. Am Alfred-Wegener-Institut Helmholtz-Zentrum f\u00fcr Polar- und Meeresforschung (AWI) wird derzeit eine verbesserte Methode (Nano-FTIR) entwickelt, mit der\u00a0sich auch Partikel unter elf Mikrometern \u2013 so genanntes Nanoplastik \u2013 nachweisen lassen.\u00a0\u00a0<\/p>\n\n\n\n<figure class=\"wp-block-image size-large\"><img loading=\"lazy\" width=\"1024\" height=\"683\" src=\"https:\/\/klimatoolbox.dolab.at\/wp-content\/uploads\/2021\/08\/DSCF3769-1024x683.jpg\" alt=\"\" class=\"wp-image-133\" srcset=\"https:\/\/klimatoolbox.dolab.at\/wp-content\/uploads\/2021\/08\/DSCF3769-1024x683.jpg 1024w, https:\/\/klimatoolbox.dolab.at\/wp-content\/uploads\/2021\/08\/DSCF3769-300x200.jpg 300w, https:\/\/klimatoolbox.dolab.at\/wp-content\/uploads\/2021\/08\/DSCF3769-768x512.jpg 768w, https:\/\/klimatoolbox.dolab.at\/wp-content\/uploads\/2021\/08\/DSCF3769-1536x1024.jpg 1536w, https:\/\/klimatoolbox.dolab.at\/wp-content\/uploads\/2021\/08\/DSCF3769-2048x1365.jpg 2048w, https:\/\/klimatoolbox.dolab.at\/wp-content\/uploads\/2021\/08\/DSCF3769-1568x1045.jpg 1568w\" sizes=\"(max-width: 1024px) 100vw, 1024px\" \/><\/figure>\n\n\n\n<figure class=\"wp-block-image size-large\"><img loading=\"lazy\" width=\"1024\" height=\"727\" src=\"https:\/\/klimatoolbox.dolab.at\/wp-content\/uploads\/2021\/08\/Screenshot-2021-08-09-at-14.09-copy-1024x727.jpg\" alt=\"\" class=\"wp-image-134\" srcset=\"https:\/\/klimatoolbox.dolab.at\/wp-content\/uploads\/2021\/08\/Screenshot-2021-08-09-at-14.09-copy-1024x727.jpg 1024w, https:\/\/klimatoolbox.dolab.at\/wp-content\/uploads\/2021\/08\/Screenshot-2021-08-09-at-14.09-copy-300x213.jpg 300w, https:\/\/klimatoolbox.dolab.at\/wp-content\/uploads\/2021\/08\/Screenshot-2021-08-09-at-14.09-copy-768x545.jpg 768w, https:\/\/klimatoolbox.dolab.at\/wp-content\/uploads\/2021\/08\/Screenshot-2021-08-09-at-14.09-copy-1536x1091.jpg 1536w, https:\/\/klimatoolbox.dolab.at\/wp-content\/uploads\/2021\/08\/Screenshot-2021-08-09-at-14.09-copy-2048x1455.jpg 2048w, https:\/\/klimatoolbox.dolab.at\/wp-content\/uploads\/2021\/08\/Screenshot-2021-08-09-at-14.09-copy-1568x1114.jpg 1568w\" sizes=\"(max-width: 1024px) 100vw, 1024px\" \/><\/figure>\n\n\n\n<p>&#8222;Wir waren besonders wegen der teils sehr hohen Konzentrationen beispielsweise in den bayerischen Alpen, aber auch auf Helgoland und in der Arktis\u00a0\u00fcberrascht&#8220;, so Studienleiterin Bergmann. &#8222;Unsere Ergebnisse zeigen, dass sich nicht unerhebliche Mengen von Mikroplastik in der Luft befinden und mit dem\u00a0Schnee ausgef\u00e4llt werden. Selbst Lebensr\u00e4ume fernab menschlicher Zivilisation, wie die Arktis, werden \u00fcber die Atmosph\u00e4re und den Wind mit Mikroplastik\u00a0kontaminiert.&#8220; Wir rufen den 14.4.2022 als International Slope Cleanup day. ISC day macht mit!!!<\/p>\n\n\n\n<p><\/p>\n","protected":false},"excerpt":{"rendered":"<p>Seit \u00fcber 30 Jahren ruft die US-Umweltorganisation Ocean Conservancy zur gr\u00f6\u00dften freiwilligen Meeresschutzaktion auf \u2013 dem\u00a0International Coastal Cleanup Day (ICC), um auf die Problematik\u00a0der verm\u00fcllten Meere aufmerksam zu machen. Der NABU ist seit 2010 beim K\u00fcstenputz im Rahmen der Initiative\u00a0&#8222;Meere ohne Plastik&#8220;\u00a0in Deutschland aktiv. 2021 findet der International Coast Cleanup day am 19. September statt.\u00a0Warum&hellip; <a class=\"more-link\" href=\"https:\/\/klimatoolbox.dolab.at\/?page_id=53\"><span class=\"screen-reader-text\">WHAT IS LEFT<\/span> weiterlesen<\/a><\/p>\n","protected":false},"author":2,"featured_media":0,"parent":0,"menu_order":0,"comment_status":"closed","ping_status":"closed","template":"","meta":[],"_links":{"self":[{"href":"https:\/\/klimatoolbox.dolab.at\/index.php?rest_route=\/wp\/v2\/pages\/53"}],"collection":[{"href":"https:\/\/klimatoolbox.dolab.at\/index.php?rest_route=\/wp\/v2\/pages"}],"about":[{"href":"https:\/\/klimatoolbox.dolab.at\/index.php?rest_route=\/wp\/v2\/types\/page"}],"author":[{"embeddable":true,"href":"https:\/\/klimatoolbox.dolab.at\/index.php?rest_route=\/wp\/v2\/users\/2"}],"replies":[{"embeddable":true,"href":"https:\/\/klimatoolbox.dolab.at\/index.php?rest_route=%2Fwp%2Fv2%2Fcomments&post=53"}],"version-history":[{"count":5,"href":"https:\/\/klimatoolbox.dolab.at\/index.php?rest_route=\/wp\/v2\/pages\/53\/revisions"}],"predecessor-version":[{"id":135,"href":"https:\/\/klimatoolbox.dolab.at\/index.php?rest_route=\/wp\/v2\/pages\/53\/revisions\/135"}],"wp:attachment":[{"href":"https:\/\/klimatoolbox.dolab.at\/index.php?rest_route=%2Fwp%2Fv2%2Fmedia&parent=53"}],"curies":[{"name":"wp","href":"https:\/\/api.w.org\/{rel}","templated":true}]}}