{"id":5,"date":"2021-04-12T10:51:03","date_gmt":"2021-04-12T10:51:03","guid":{"rendered":"https:\/\/klimatoolbox.dolab.at\/?page_id=5"},"modified":"2021-08-10T13:29:22","modified_gmt":"2021-08-10T13:29:22","slug":"create-your-website-with-blocks","status":"publish","type":"page","link":"https:\/\/klimatoolbox.dolab.at\/","title":{"rendered":"Klimatoolbox projekt im Do!Lab"},"content":{"rendered":"\n<h2 class=\"alignwide has-text-align-wide has-text-color has-gigantic-font-size\" style=\"color:#03ff03;line-height:1.1\">KLIMA TOOLBOX<\/h2>\n\n\n\n<div class=\"wp-block-columns alignwide are-vertically-aligned-center is-style-twentytwentyone-columns-overlap\">\n<div class=\"wp-block-column is-vertically-aligned-center\"><\/div>\n\n\n\n<div class=\"wp-block-column is-vertically-aligned-center\"><\/div>\n<\/div>\n\n\n\n<div class=\"wp-block-columns alignwide are-vertically-aligned-top\">\n<div class=\"wp-block-column is-vertically-aligned-top\">\n<h3>Ja, das Klima hat sich immer schon ver\u00e4ndert, aber noch nie so dramatisch in so kurzer Zeit<\/h3>\n\n\n\n<p>Von Ausnahmen wie Meteoriten-Einschl\u00e4gen einmal abgesehen. Ja, es gab auch schon Warmzeiten, in denen in der Antarktis oder auf der Pasterze B\u00e4ume wuchsen. Zu jenen Zeiten war die CO\u2082 &#8211; Konzentration in der Atmosph\u00e4re \u00fcbrigens ungef\u00e4hr auf dem Stand von heute, es dauert nur einige<br>Zeit, bis das Erdklima auf diesen Zustand vollst\u00e4ndig reagiert. Man kann sich das vorstellen wie ein Backrohr, das nicht sofort auf 180 Grad aufheizt, nur weil am Knopf gedreht wird.<\/p>\n\n\n\n<p>Die weite Verbreitung von Mythen und falsche Annahmen f\u00fchrt dazu, dass Menschen den Klimawandel nicht als jene Bedrohung sehen, die er aus Sicht der Wissenschaft tats\u00e4chlich ist. Die Klimapolitik konnte dadurch bislang harmlos bleiben und wir konnten unsere klimasch\u00e4dlichen Lebensgewohnheiten unbehelligt weiterf\u00fchren. Aber im Endeffekt Politik hin oder her, der Klimawandel betrifft uns alle, und wenn wir das erst realisieren wenn es kein Wasser mehr auf unserem Planeten gibt, dann wird es zu sp\u00e4t sein. Wir m\u00f6chten in dem Projekt KLIMA TOOLBOX darauf hinweisen&nbsp;und ein Bewusstsein erschaffen das sich etwas in unserem Verhalten \u00e4ndern muss.&nbsp;Dazu haben&nbsp;wir mittels einem Koffer an Tools den wir entwickeln dieses Thema begreifbar und verst\u00e4ndlicher<br>machen.<\/p>\n<\/div>\n\n\n\n<div class=\"wp-block-column is-vertically-aligned-top\">\n<h3><\/h3>\n\n\n\n<figure class=\"wp-block-image size-large\"><img loading=\"lazy\" width=\"768\" height=\"1024\" src=\"https:\/\/klimatoolbox.dolab.at\/wp-content\/uploads\/2021\/04\/SPIRULINA.jpg\" alt=\"\" class=\"wp-image-41\" srcset=\"https:\/\/klimatoolbox.dolab.at\/wp-content\/uploads\/2021\/04\/SPIRULINA.jpg 768w, https:\/\/klimatoolbox.dolab.at\/wp-content\/uploads\/2021\/04\/SPIRULINA-225x300.jpg 225w\" sizes=\"(max-width: 768px) 100vw, 768px\" \/><\/figure>\n<\/div>\n\n\n\n<div class=\"wp-block-column is-vertically-aligned-top\">\n<h3><\/h3>\n\n\n\n<p>Wir haben Werkzeuge entwickelt werden mit denen komplexe unsichtbare Prozesse in der Natur dargestellt werden k\u00f6nnen. Dies ist zum Beispiel die Visualisierung des CO2<br>Gehalts in der Athmosh\u00e4re oder die CO2 Speicherf\u00e4higkeit von B\u00e4umen, oder D\u00fcrre Effekt im Alpinen Raum sowie der Einfluss auf unser Leben durch abschmelzende Gletscher. Das vom Land Salzburg&nbsp;gef\u00f6rderte Projekt KLIMA TOOLBOX, als Teil des&nbsp;Medienkunstprojekte 2019, wird vom Team Sophie Birkmayer und Tammo Claassen des DO!labs durchgef\u00fchrt.<\/p>\n\n\n\n<p>.<\/p>\n<\/div>\n<\/div>\n\n\n\n<div style=\"height:100px\" aria-hidden=\"true\" class=\"wp-block-spacer\"><\/div>\n\n\n\n<p>KLIMA TOOLBOX<br>Ein Kunstprojekt von Sophie Birkmayer, Tammo Claassen gef\u00f6rdert durch das Land Salzburg <\/p>\n\n\n\n<figure class=\"wp-block-image size-large\"><img loading=\"lazy\" width=\"425\" height=\"156\" src=\"https:\/\/klimatoolbox.dolab.at\/wp-content\/uploads\/2021\/08\/landsbg2015_4c_72dpi-copy.jpg\" alt=\"\" class=\"wp-image-147\" srcset=\"https:\/\/klimatoolbox.dolab.at\/wp-content\/uploads\/2021\/08\/landsbg2015_4c_72dpi-copy.jpg 425w, https:\/\/klimatoolbox.dolab.at\/wp-content\/uploads\/2021\/08\/landsbg2015_4c_72dpi-copy-300x110.jpg 300w\" sizes=\"(max-width: 425px) 100vw, 425px\" \/><\/figure>\n","protected":false},"excerpt":{"rendered":"<p>KLIMA TOOLBOX Ja, das Klima hat sich immer schon ver\u00e4ndert, aber noch nie so dramatisch in so kurzer Zeit Von Ausnahmen wie Meteoriten-Einschl\u00e4gen einmal abgesehen. Ja, es gab auch schon Warmzeiten, in denen in der Antarktis oder auf der Pasterze B\u00e4ume wuchsen. Zu jenen Zeiten war die CO\u2082 &#8211; Konzentration in der Atmosph\u00e4re \u00fcbrigens ungef\u00e4hr&hellip; <a class=\"more-link\" href=\"https:\/\/klimatoolbox.dolab.at\/\"><span class=\"screen-reader-text\">Klimatoolbox projekt im Do!Lab<\/span> weiterlesen<\/a><\/p>\n","protected":false},"author":1,"featured_media":0,"parent":0,"menu_order":0,"comment_status":"closed","ping_status":"closed","template":"","meta":[],"_links":{"self":[{"href":"https:\/\/klimatoolbox.dolab.at\/index.php?rest_route=\/wp\/v2\/pages\/5"}],"collection":[{"href":"https:\/\/klimatoolbox.dolab.at\/index.php?rest_route=\/wp\/v2\/pages"}],"about":[{"href":"https:\/\/klimatoolbox.dolab.at\/index.php?rest_route=\/wp\/v2\/types\/page"}],"author":[{"embeddable":true,"href":"https:\/\/klimatoolbox.dolab.at\/index.php?rest_route=\/wp\/v2\/users\/1"}],"replies":[{"embeddable":true,"href":"https:\/\/klimatoolbox.dolab.at\/index.php?rest_route=%2Fwp%2Fv2%2Fcomments&post=5"}],"version-history":[{"count":16,"href":"https:\/\/klimatoolbox.dolab.at\/index.php?rest_route=\/wp\/v2\/pages\/5\/revisions"}],"predecessor-version":[{"id":148,"href":"https:\/\/klimatoolbox.dolab.at\/index.php?rest_route=\/wp\/v2\/pages\/5\/revisions\/148"}],"wp:attachment":[{"href":"https:\/\/klimatoolbox.dolab.at\/index.php?rest_route=%2Fwp%2Fv2%2Fmedia&parent=5"}],"curies":[{"name":"wp","href":"https:\/\/api.w.org\/{rel}","templated":true}]}}