{"id":49,"date":"2021-04-27T14:01:11","date_gmt":"2021-04-27T14:01:11","guid":{"rendered":"https:\/\/klimatoolbox.dolab.at\/?page_id=49"},"modified":"2021-08-10T09:29:41","modified_gmt":"2021-08-10T09:29:41","slug":"waldluft-oel","status":"publish","type":"page","link":"https:\/\/klimatoolbox.dolab.at\/?page_id=49","title":{"rendered":"WALDLUFT \u00d6L"},"content":{"rendered":"\n<figure class=\"wp-block-image size-large\"><img loading=\"lazy\" width=\"768\" height=\"1024\" src=\"https:\/\/klimatoolbox.dolab.at\/wp-content\/uploads\/2021\/08\/IMG_8484-768x1024.jpg\" alt=\"\" class=\"wp-image-129\" srcset=\"https:\/\/klimatoolbox.dolab.at\/wp-content\/uploads\/2021\/08\/IMG_8484-768x1024.jpg 768w, https:\/\/klimatoolbox.dolab.at\/wp-content\/uploads\/2021\/08\/IMG_8484-225x300.jpg 225w, https:\/\/klimatoolbox.dolab.at\/wp-content\/uploads\/2021\/08\/IMG_8484-1152x1536.jpg 1152w, https:\/\/klimatoolbox.dolab.at\/wp-content\/uploads\/2021\/08\/IMG_8484-1536x2048.jpg 1536w, https:\/\/klimatoolbox.dolab.at\/wp-content\/uploads\/2021\/08\/IMG_8484-1568x2091.jpg 1568w, https:\/\/klimatoolbox.dolab.at\/wp-content\/uploads\/2021\/08\/IMG_8484-scaled.jpg 1920w\" sizes=\"(max-width: 768px) 100vw, 768px\" \/><\/figure>\n\n\n\n<p>Mit dem Walluft\u00f6l m\u00f6chten wir mittels \u00e4therischen \u00d6len die Wirkung eines Waldbades in einer Essenz widerspiegeln.\u00a0Es gibt verschiedene Wege, auf denen \u00e4therische \u00d6le in den K\u00f6rper\u00a0gelangen und dort ihre Wirkung entfalten. Die beiden wichtigsten sind die Nase und die Haut. Die Riechnerven geben ein Signal in das Gehirn ab.\u00a0n\u00a0der Nase wirken sie gleich doppelt, weil sie riechen. Das hei\u00dft, sie enthalten Duftstoffe, f\u00fcr die die Rezeptoren in unserer Nase sehr empf\u00e4nglich sind. Und die\u00a0Riechnerven geben das Signal auch ins Gehirn weiter und k\u00f6nnen auf diese Weise Stimmungen beeinflussen oder Erinnerungen wecken, je nachdem, was wir\u00a0mit den speziellen Ger\u00fcchen verbinden.Hinrin-yoku, auf deutsch \u201cBaden in der Waldluft\u201d oder kurz \u201cWaldbaden\u201d ist eine Naturheilmethode aus Japan. Darunter wird das Spazieren mit allen Sinnen durch den Wald\u00a0verstanden. In anderen L\u00e4ndern wird die Methode schon weit \u00f6fter praktiziert und ist auch \u00f6ffentlich anerkannt. So geh\u00f6rt das \u201cWaldbaden\u201d in Japan sogar schon zur Gesundheitsvorsorge.<\/p>\n\n\n\n<p>Aber was ist so gesund am Waldbaden? Ganz einfach: der Wald absorbiert chemische Botenstoffe, welche auch Terpene genannt werden. Diese Terpene haben positive Auswirkungen auf den menschlichen K\u00f6rper, besonders auf das&nbsp;Nervensystem, die Psyche und das Immunsystem. Ausschlaggebend in erster Linie f\u00fcr die nat\u00fcrlichen Heilkr\u00e4fte des Waldbadens sind die Terpene, die von den B\u00e4umen abgesondert werden. Diese Pflanzenbotenstoffe k\u00f6nnen das ganze Jahr \u00fcber eingeatmet werden, jedoch ist die&nbsp;Konzentration in den Sommermonaten, sowie bei Nebel und Regen, am h\u00f6chsten. Da es vielen Menschen aus Gesundheitlichen oder Lockdown Gr\u00fcnden leider nicht m\u00f6glich war aktiv in den Wald zu gehen, ist die Idee zum Waldluft\u00f6l entstanden. Durch die Kombination an \u00c4therischen \u00d6len und einem Speziellen Ansatz&nbsp;wird mit dem Versp\u00fcren oder dem Direkten Auftragen des \u00d6ls&nbsp;ein \u00e4hnlicher Effekt wie bei einem Waldspazierung erreicht. Eine Auswahl an \u00d6len die wir in spezieller Kombination verwendet haben sind haben Zypresse, Thymian, Salbei, Pfefferminz, Zedernholz, Majoran, Thuje, Schwarzfichte und Wacholderbeeren \u00d6l. Stundenlang haben wir die Waldspaziergansluft analysiert und in etlichen Mischungen versucht widerzuspiegeln. Es war ein langer intensiver Prozess nicht nur den Duft sondern auch das Gef\u00fchl eines Wadspazierganges widerzuspiegeln.&nbsp;Wenn man daran richt und die Augen schliesst f\u00fchlt man sich sofort wie im Wald und sp\u00fcrt die beruhigende und heilende Kraft der Natur.<br>Hier ein paar Fakten zum Wald in \u00d6sterreich w\u00e4chst mehr Holz, als verarbeitet wird.<br>\u2022 48% der Landesfl\u00e4che ist mit Wald bedeckt<br>\u2022 4 Millionen Hektar Wald<br>\u2022 3,4 Milliarden B\u00e4ume<br>\u2022 1 Kubikmeter Holz pro Sekunde<br>(Quelle Proholz)<\/p>\n\n\n\n<p><\/p>\n\n\n\n<p><\/p>\n","protected":false},"excerpt":{"rendered":"<p>Mit dem Walluft\u00f6l m\u00f6chten wir mittels \u00e4therischen \u00d6len die Wirkung eines Waldbades in einer Essenz widerspiegeln.\u00a0Es gibt verschiedene Wege, auf denen \u00e4therische \u00d6le in den K\u00f6rper\u00a0gelangen und dort ihre Wirkung entfalten. Die beiden wichtigsten sind die Nase und die Haut. Die Riechnerven geben ein Signal in das Gehirn ab.\u00a0n\u00a0der Nase wirken sie gleich doppelt, weil&hellip; <a class=\"more-link\" href=\"https:\/\/klimatoolbox.dolab.at\/?page_id=49\"><span class=\"screen-reader-text\">WALDLUFT \u00d6L<\/span> weiterlesen<\/a><\/p>\n","protected":false},"author":2,"featured_media":0,"parent":0,"menu_order":0,"comment_status":"closed","ping_status":"closed","template":"","meta":[],"_links":{"self":[{"href":"https:\/\/klimatoolbox.dolab.at\/index.php?rest_route=\/wp\/v2\/pages\/49"}],"collection":[{"href":"https:\/\/klimatoolbox.dolab.at\/index.php?rest_route=\/wp\/v2\/pages"}],"about":[{"href":"https:\/\/klimatoolbox.dolab.at\/index.php?rest_route=\/wp\/v2\/types\/page"}],"author":[{"embeddable":true,"href":"https:\/\/klimatoolbox.dolab.at\/index.php?rest_route=\/wp\/v2\/users\/2"}],"replies":[{"embeddable":true,"href":"https:\/\/klimatoolbox.dolab.at\/index.php?rest_route=%2Fwp%2Fv2%2Fcomments&post=49"}],"version-history":[{"count":5,"href":"https:\/\/klimatoolbox.dolab.at\/index.php?rest_route=\/wp\/v2\/pages\/49\/revisions"}],"predecessor-version":[{"id":130,"href":"https:\/\/klimatoolbox.dolab.at\/index.php?rest_route=\/wp\/v2\/pages\/49\/revisions\/130"}],"wp:attachment":[{"href":"https:\/\/klimatoolbox.dolab.at\/index.php?rest_route=%2Fwp%2Fv2%2Fmedia&parent=49"}],"curies":[{"name":"wp","href":"https:\/\/api.w.org\/{rel}","templated":true}]}}