{"id":43,"date":"2021-04-23T09:44:08","date_gmt":"2021-04-23T09:44:08","guid":{"rendered":"https:\/\/klimatoolbox.dolab.at\/?page_id=43"},"modified":"2021-08-10T09:15:05","modified_gmt":"2021-08-10T09:15:05","slug":"alpengarten-im-glas","status":"publish","type":"page","link":"https:\/\/klimatoolbox.dolab.at\/?page_id=43","title":{"rendered":"ALPENGARTEN IM GLAS"},"content":{"rendered":"\n<figure class=\"wp-block-image size-large\"><img loading=\"lazy\" width=\"768\" height=\"1024\" src=\"https:\/\/klimatoolbox.dolab.at\/wp-content\/uploads\/2021\/08\/IMG_7135-2-768x1024.jpg\" alt=\"\" class=\"wp-image-111\" srcset=\"https:\/\/klimatoolbox.dolab.at\/wp-content\/uploads\/2021\/08\/IMG_7135-2-768x1024.jpg 768w, https:\/\/klimatoolbox.dolab.at\/wp-content\/uploads\/2021\/08\/IMG_7135-2-225x300.jpg 225w, https:\/\/klimatoolbox.dolab.at\/wp-content\/uploads\/2021\/08\/IMG_7135-2-1152x1536.jpg 1152w, https:\/\/klimatoolbox.dolab.at\/wp-content\/uploads\/2021\/08\/IMG_7135-2-1536x2048.jpg 1536w, https:\/\/klimatoolbox.dolab.at\/wp-content\/uploads\/2021\/08\/IMG_7135-2-1568x2091.jpg 1568w, https:\/\/klimatoolbox.dolab.at\/wp-content\/uploads\/2021\/08\/IMG_7135-2-scaled.jpg 1920w\" sizes=\"(max-width: 768px) 100vw, 768px\" \/><\/figure>\n\n\n\n<p>Bei unseren Garten hinter Glas handelt um ein geschlossenes \u00d6kosystem, in dem alles, was die Pflanzen brauchen, wieder zu ihnen zur\u00fcckkommt. Wir wollen hier f\u00fcr die\u00a0Ewigkeit die Vielfalt unserer Alpenflora\u00a0aufbewahren. Herabfallende Bl\u00e4tter oder Pflanzenteile werden durch Kleinstlebewesen zersetzt und liefern neue N\u00e4hrstoffe. Der Kreislauf der Natur findet im Mini-Format statt. Wir haben bei\u00a0Bei einem Waldspaziergang Pflanzen und Materialien f\u00fcr deinen Flaschengarten gefunden und einige davon auch\u00a0diazugekauft. Da wir mit diversen Pflanzen\u00a0experimentieren wollten. Da nicht alle Pflanzen sich f\u00fcr einen Flaschengarten eignen.\u00a0Wir haben in einem\u00a0Garten eine Fichte\u00a0eingesetzt, aber diese hat es nicht geschafft sich zu entwickeln. Tauglich sind beispielsweise kleine Farne, Heidekrautgew\u00e4chse wie Heidelbeere, Preiselbeere, Moosbeere und Erika sowie Walderdbeeren. Mit Einschr\u00e4nkungen geeignet ist der robuste und anpassungsf\u00e4hige Efeu, der aber mitunter zu schnell w\u00e4chst. Was auf jeden Fall sehr gut funktioniert sind\u00a0diverse Moosarten die wir im Wald\u00a0gefunden haben, da sie Wasser besonders gut speichern und f\u00fcr ein ausgeglichenes Klima im Glas sorgen.<\/p>\n\n\n\n<p>Eine Auswahl an Pflanzen die wir f\u00fcr unsere Alpeng\u00e4rten ausgesucht haben: <\/p>\n\n\n\n<p><strong>Wald-Erdbeere<\/strong>&#8211;<em>Fragaria vesca<\/em><\/p>\n\n\n\n<p>Die Wald-Erdbeere ist in weiten Teilen&nbsp;<a class=\"\" href=\"https:\/\/de.wikipedia.org\/wiki\/Europa\">Europas<\/a>&nbsp;und Nord<a class=\"\" href=\"https:\/\/de.wikipedia.org\/wiki\/Asien\">asiens<\/a>&nbsp;beheimatet. Sie w\u00e4chst bevorzugt in lichten&nbsp;<a class=\"\" href=\"https:\/\/de.wikipedia.org\/wiki\/Laubwald\">Laub-<\/a>&nbsp;und&nbsp;<a class=\"\" href=\"https:\/\/de.wikipedia.org\/wiki\/Nadelwald\">Nadelw\u00e4ldern<\/a>&nbsp;sowie entlang der Waldr\u00e4nder. Die Wald-Erdbeere bevorzugt sonnige bis absonnige Standorte und ben\u00f6tigt feuchte, aber gut durchl\u00e4ssige, n\u00e4hrstoff- und&nbsp;<a class=\"\" href=\"https:\/\/de.wikipedia.org\/wiki\/Humus\">humusreiche<\/a><a class=\"\" href=\"https:\/\/de.wikipedia.org\/wiki\/Boden_(Bodenkunde)\"> B\u00f6den<\/a>.&nbsp;Aus&nbsp;<a class=\"\" href=\"https:\/\/de.wikipedia.org\/wiki\/Arch%C3%A4ologie\">arch\u00e4ologischen<\/a>&nbsp;Funden wei\u00df man, dass Walderdbeeren schon lange zu den von Menschen gesammelten Fr\u00fcchten geh\u00f6ren.<\/p>\n\n\n\n<figure class=\"wp-block-image size-large\"><img loading=\"lazy\" width=\"768\" height=\"1024\" src=\"https:\/\/klimatoolbox.dolab.at\/wp-content\/uploads\/2021\/08\/IMG_7357-768x1024.jpg\" alt=\"\" class=\"wp-image-113\" srcset=\"https:\/\/klimatoolbox.dolab.at\/wp-content\/uploads\/2021\/08\/IMG_7357-768x1024.jpg 768w, https:\/\/klimatoolbox.dolab.at\/wp-content\/uploads\/2021\/08\/IMG_7357-225x300.jpg 225w, https:\/\/klimatoolbox.dolab.at\/wp-content\/uploads\/2021\/08\/IMG_7357-1152x1536.jpg 1152w, https:\/\/klimatoolbox.dolab.at\/wp-content\/uploads\/2021\/08\/IMG_7357-1536x2048.jpg 1536w, https:\/\/klimatoolbox.dolab.at\/wp-content\/uploads\/2021\/08\/IMG_7357-1568x2091.jpg 1568w, https:\/\/klimatoolbox.dolab.at\/wp-content\/uploads\/2021\/08\/IMG_7357-scaled.jpg 1920w\" sizes=\"(max-width: 768px) 100vw, 768px\" \/><\/figure>\n\n\n\n<p><strong>Hauswurz<\/strong>&#8211;<em>Sempervivum<\/em><\/p>\n\n\n\n<p> Ist eine&nbsp;<a class=\"\" href=\"https:\/\/de.wikipedia.org\/wiki\/Gattung_(Biologie)\">Gattung<\/a>&nbsp;in der&nbsp;<a class=\"\" href=\"https:\/\/de.wikipedia.org\/wiki\/Familie_(Biologie)\">Familie<\/a>&nbsp;der&nbsp;<a class=\"\" href=\"https:\/\/de.wikipedia.org\/wiki\/Dickblattgew%C3%A4chse\">Dickblattgew\u00e4chse<\/a>&nbsp;(Crassulaceae). Sie wird auch Steinrose genannt&nbsp;w\u00e4chst dort, wo es kaum eine andere Pflanze aush\u00e4lt. Sie ertr\u00e4gt Hitze, Trockenheit und K\u00e4lte problemlos und beh\u00e4lt auch im Winter ihre Bl\u00e4tter.&nbsp;Der&nbsp;<a class=\"\" href=\"https:\/\/de.wikipedia.org\/wiki\/Nomenklatur_(Biologie)\">botanische Name<\/a>&nbsp;der Gattung leitet sich von den&nbsp;&nbsp;<a class=\"\" href=\"https:\/\/de.wikipedia.org\/wiki\/Latein\">lateinischen<\/a>&nbsp;Worten&nbsp;<em>semper<\/em>&nbsp;f\u00fcr \u201aimmer\u2018 und&nbsp;<em>vivus<\/em>&nbsp;f\u00fcr \u201alebend\u2018 ab und bedeutet so viel wie \u201eImmerlebend\u201c. Der deutsche&nbsp;<a class=\"\" href=\"https:\/\/de.wikipedia.org\/wiki\/Trivialname\">Trivialname<\/a>&nbsp;Hauswurz hat seinen Ursprung im&nbsp;<a href=\"https:\/\/de.wikipedia.org\/wiki\/Althochdeutsch\">althochdeutschen<\/a>&nbsp;Begriff&nbsp;<em>Wurz<\/em>, der damals f\u00fcr \u201a<a class=\"\" href=\"https:\/\/de.wikipedia.org\/wiki\/Wurzel_(Pflanze)\">Wurzel<\/a>\u2018 oder \u201a<a href=\"https:\/\/de.wikipedia.org\/wiki\/Pflanzen\">Pflanze<\/a>\u2018 verwendet wurde.Auch als&nbsp;<a class=\"\" href=\"https:\/\/www.mein-schoener-garten.de\/heilkraeuter-heilpflanzen\">Heilpflanze<\/a> war die Hauswurz gesch\u00e4tzt: Pfarrer Kneipp riet, einen Tee aus Dach-Hauswurz bei Magengeschw\u00fcren, \u00dcbelkeit und zur Blutreinigung einzunehmen. Der frische Saft der sogenannten Aloe vera des Nordens soll k\u00fchlende, schmerzstillende, entz\u00fcndungs-hemmende und wundheilende Wirkung haben.<\/p>\n\n\n\n<p><strong>Scharfe Mauerpfeffer-<\/strong>Sedum acre<\/p>\n\n\n\n<p>Auch als Scharfe Fetthenne bekannt, geh\u00f6rt zur Familie der Dickblattgew\u00e4chse (Crassulaceae). Verbreitet ist er ebenso in Europa wie in Westasien oder Nordafrika. Nat\u00fcrlich w\u00e4chst der Mauerpfeffer in sandigen B\u00f6den auf sonnigen Anh\u00f6hen, an Mauern oder Felsen.&nbsp;Mauerpfeffer ist eine wintergr\u00fcne&nbsp;<a class=\"\" href=\"https:\/\/www.mein-schoener-garten.de\/node\/15646\">Staude<\/a>, die nur zwischen f\u00fcnf und zehn Zentimeter hoch, daf\u00fcr aber gerne doppelt so breit wird. Sie breitet sich kriechend aus und bildet mit der Zeit einen teppichartigen Rasen. Die walzenf\u00f6rmigen Triebe sind dicht von Bl\u00e4ttern umgeben.<\/p>\n\n\n\n<figure class=\"wp-block-image size-large\"><img loading=\"lazy\" width=\"768\" height=\"1024\" src=\"https:\/\/klimatoolbox.dolab.at\/wp-content\/uploads\/2021\/08\/IMG_7352-768x1024.jpg\" alt=\"\" class=\"wp-image-112\" srcset=\"https:\/\/klimatoolbox.dolab.at\/wp-content\/uploads\/2021\/08\/IMG_7352-768x1024.jpg 768w, https:\/\/klimatoolbox.dolab.at\/wp-content\/uploads\/2021\/08\/IMG_7352-225x300.jpg 225w, https:\/\/klimatoolbox.dolab.at\/wp-content\/uploads\/2021\/08\/IMG_7352-1152x1536.jpg 1152w, https:\/\/klimatoolbox.dolab.at\/wp-content\/uploads\/2021\/08\/IMG_7352-1536x2048.jpg 1536w, https:\/\/klimatoolbox.dolab.at\/wp-content\/uploads\/2021\/08\/IMG_7352-1568x2091.jpg 1568w, https:\/\/klimatoolbox.dolab.at\/wp-content\/uploads\/2021\/08\/IMG_7352-scaled.jpg 1920w\" sizes=\"(max-width: 768px) 100vw, 768px\" \/><\/figure>\n\n\n\n<p><strong>Sandkraut<\/strong><\/p>\n\n\n\n<p>Das Berg-Sandkraut ist eine ausdauernde&nbsp;<a class=\"\" href=\"https:\/\/de.wikipedia.org\/wiki\/Krautige_Pflanze\">krautige Pflanze<\/a>, die Wuchsh\u00f6hen von 10 bis 35 Zentimetern erreicht. Sie ist sparrig verzweigt, niederliegend oder aufrecht. Die vegetativen Pflanzenteile sind mit einfachen Haaren besetzt&nbsp;Moosartiger Steinbrech<\/p>\n\n\n\n<p><strong>Steinbrech<\/strong><\/p>\n\n\n\n<p>Moosartiger Steinbrech mag eine konstante Bodenfeuchte mit zwischenzeitlichen Trocknungsperioden deswegen kam es zu dieser pflanzen Wahl. Wenngleich die Staude kurzzeitige Trockenheit problemlos verkraftet, sollte dies die Ausnahme sein.<\/p>\n\n\n\n<figure class=\"wp-block-image size-large\"><img loading=\"lazy\" width=\"768\" height=\"1024\" src=\"https:\/\/klimatoolbox.dolab.at\/wp-content\/uploads\/2021\/08\/IMG_7378-768x1024.jpg\" alt=\"\" class=\"wp-image-114\" srcset=\"https:\/\/klimatoolbox.dolab.at\/wp-content\/uploads\/2021\/08\/IMG_7378-768x1024.jpg 768w, https:\/\/klimatoolbox.dolab.at\/wp-content\/uploads\/2021\/08\/IMG_7378-225x300.jpg 225w, https:\/\/klimatoolbox.dolab.at\/wp-content\/uploads\/2021\/08\/IMG_7378-1152x1536.jpg 1152w, https:\/\/klimatoolbox.dolab.at\/wp-content\/uploads\/2021\/08\/IMG_7378-1536x2048.jpg 1536w, https:\/\/klimatoolbox.dolab.at\/wp-content\/uploads\/2021\/08\/IMG_7378-1568x2091.jpg 1568w, https:\/\/klimatoolbox.dolab.at\/wp-content\/uploads\/2021\/08\/IMG_7378-scaled.jpg 1920w\" sizes=\"(max-width: 768px) 100vw, 768px\" \/><\/figure>\n\n\n\n<p><strong>Veilchen<\/strong>-Viola odorata<\/p>\n\n\n\n<p>Das Veilchen, auch wegen seines s\u00fc\u00dflichen Duftes \u201cWohlriechendes Veilchen\u201d genannt, ist einer der ersten Fr\u00fchjahrsboten, die man an Waldr\u00e4ndern und unter halbschattigen Str\u00e4uchern finden kann. In S\u00fcddeutschland wird das erste Veilchen sogar seit dem Mittelalter gefeiert. Urspr\u00fcnglich aus dem Mittelmeergebiet bis Kaukasus kommend hat sich das Veilchen in fast ganz Europa ausgebreitet.Die Bl\u00fcten und Bl\u00fctenknospen kannst du entweder roh essen oder als Dekoration auf deine Gerichte streuen, oder als besondere Leckerei kandieren.<\/p>\n\n\n\n<p><strong>L\u00f6wenzahn<\/strong>-Taraxacum officinale<\/p>\n\n\n\n<p>Der L\u00f6wenzahn mit seiner leuchtend gelben Bl\u00fcte, der wundersch\u00f6nen Pusteblume und seinen markant zahnigen Bl\u00e4ttern ist eine der einpr\u00e4gsamsten Pflanzen in Mitteleuropa. &nbsp;Von der Wurzel bis zur Bl\u00fcte sind alle Pflanzenteile verwertbar.&nbsp;L\u00f6wenzahn w\u00e4chst zwar auf jeder Wiese, doch die wenigsten wissen, welche erstaunlichen F\u00e4higkeiten und heilsamen Kr\u00e4fte in ihm stecken. Die Anwendungsm\u00f6glichkeiten sind \u00e4u\u00dferst vielf\u00e4ltig. L\u00f6wenzahn dient als Di\u00e4t-Begleiter f\u00fcr Fastenkuren und bereichert zahlreiche Speisen, vom Salat, \u00fcber den Tee bis hin zum Kaffeeersatz.<\/p>\n\n\n\n<p><strong>Scharbockskraut <\/strong>&#8211;<em>Ranunculus ficaria<\/em><\/p>\n\n\n\n<p>Das flach wachsende Scharbockskraut geh\u00f6rt im Fr\u00fchjahr zu den ersten, welche ihre kleinen, saftigen Bl\u00e4tter und etwas sp\u00e4ter auch die Bl\u00fcten der Sonne entgegen strecken. Es breitet sich teppichartig in G\u00e4rten, Parks und lichten Laubw\u00e4ldern aus. F\u00fcr Bienen und andere Insekten ist Scharbockskraut eine wichtige Futterpflanze.Scharbock ist ein alter, volkst\u00fcmlicher Name f\u00fcr Skorbut, eine Vitamin-C-Mangelerkrankung, welche im Mittelalter nach einem langen Winter gar nicht so selten war. Da kam im M\u00e4rz das Scharbockskraut mit seinen Vitamin-C-haltigen, w\u00fcrzigen Bl\u00e4ttern gerade recht, um den Mangel auszugleichen.<\/p>\n\n\n\n<p><strong>Thymian<\/strong>-Thymus Serpyllum<br>Anders als der weiter s\u00fcdlich beheimatete Thymian w\u00e4chst der wilde Thymian, auch Quendel genannt, in unseren Breiten in freier Natur. Er kommt vorwiegend in Mittel- und Osteuropa vor und bevorzugt trockene, steinige und sonnenexponierte Standorte.&nbsp;Quendel ist vor allem f\u00fcr die Linderung von Atemwegserkrankungen bekannt, dabei kann man mit ihm noch viele andere Beschwerden lindern.<\/p>\n\n\n\n<p><strong>Himmelschl\u00fcssel<\/strong>&#8211;<em>Primula veris<\/em><\/p>\n\n\n\n<p>Schl\u00fcsselblumen geh\u00f6ren mit zu den ersten Fr\u00fchlingsbl\u00fchern und sind mancherorts schon im Februar zu finden. Leider sind sie durch extreme \u00dcberd\u00fcngung selten geworden und stehen heute unter Naturschutz.\u00a0Schl\u00fcsselblumen sind auch zum Verzehr geeignet und noch dazu recht schmackhaft. Sie helfen uns dabei, Magnesium besser aufzunehmen und k\u00f6nnen so einem Mangel vorbeugen.<\/p>\n\n\n\n<figure class=\"wp-block-image size-large\"><img loading=\"lazy\" width=\"768\" height=\"1024\" src=\"https:\/\/klimatoolbox.dolab.at\/wp-content\/uploads\/2021\/08\/IMG_7098-768x1024.jpg\" alt=\"\" class=\"wp-image-115\" srcset=\"https:\/\/klimatoolbox.dolab.at\/wp-content\/uploads\/2021\/08\/IMG_7098-768x1024.jpg 768w, https:\/\/klimatoolbox.dolab.at\/wp-content\/uploads\/2021\/08\/IMG_7098-225x300.jpg 225w, https:\/\/klimatoolbox.dolab.at\/wp-content\/uploads\/2021\/08\/IMG_7098-1152x1536.jpg 1152w, https:\/\/klimatoolbox.dolab.at\/wp-content\/uploads\/2021\/08\/IMG_7098-1536x2048.jpg 1536w, https:\/\/klimatoolbox.dolab.at\/wp-content\/uploads\/2021\/08\/IMG_7098-1568x2091.jpg 1568w, https:\/\/klimatoolbox.dolab.at\/wp-content\/uploads\/2021\/08\/IMG_7098-scaled.jpg 1920w\" sizes=\"(max-width: 768px) 100vw, 768px\" \/><\/figure>\n","protected":false},"excerpt":{"rendered":"<p>Bei unseren Garten hinter Glas handelt um ein geschlossenes \u00d6kosystem, in dem alles, was die Pflanzen brauchen, wieder zu ihnen zur\u00fcckkommt. Wir wollen hier f\u00fcr die\u00a0Ewigkeit die Vielfalt unserer Alpenflora\u00a0aufbewahren. Herabfallende Bl\u00e4tter oder Pflanzenteile werden durch Kleinstlebewesen zersetzt und liefern neue N\u00e4hrstoffe. Der Kreislauf der Natur findet im Mini-Format statt. Wir haben bei\u00a0Bei einem Waldspaziergang&hellip; <a class=\"more-link\" href=\"https:\/\/klimatoolbox.dolab.at\/?page_id=43\"><span class=\"screen-reader-text\">ALPENGARTEN IM GLAS<\/span> weiterlesen<\/a><\/p>\n","protected":false},"author":2,"featured_media":0,"parent":0,"menu_order":0,"comment_status":"closed","ping_status":"closed","template":"","meta":[],"_links":{"self":[{"href":"https:\/\/klimatoolbox.dolab.at\/index.php?rest_route=\/wp\/v2\/pages\/43"}],"collection":[{"href":"https:\/\/klimatoolbox.dolab.at\/index.php?rest_route=\/wp\/v2\/pages"}],"about":[{"href":"https:\/\/klimatoolbox.dolab.at\/index.php?rest_route=\/wp\/v2\/types\/page"}],"author":[{"embeddable":true,"href":"https:\/\/klimatoolbox.dolab.at\/index.php?rest_route=\/wp\/v2\/users\/2"}],"replies":[{"embeddable":true,"href":"https:\/\/klimatoolbox.dolab.at\/index.php?rest_route=%2Fwp%2Fv2%2Fcomments&post=43"}],"version-history":[{"count":5,"href":"https:\/\/klimatoolbox.dolab.at\/index.php?rest_route=\/wp\/v2\/pages\/43\/revisions"}],"predecessor-version":[{"id":116,"href":"https:\/\/klimatoolbox.dolab.at\/index.php?rest_route=\/wp\/v2\/pages\/43\/revisions\/116"}],"wp:attachment":[{"href":"https:\/\/klimatoolbox.dolab.at\/index.php?rest_route=%2Fwp%2Fv2%2Fmedia&parent=43"}],"curies":[{"name":"wp","href":"https:\/\/api.w.org\/{rel}","templated":true}]}}